{"id":1590,"date":"2023-04-29T18:18:31","date_gmt":"2023-04-29T18:18:31","guid":{"rendered":"https:\/\/crematoridemascotes.com\/pla-previsio\/"},"modified":"2023-09-06T10:56:21","modified_gmt":"2023-09-06T10:56:21","slug":"pla-previsio","status":"publish","type":"page","link":"https:\/\/crematoridemascotes.com\/ca\/pla-previsio\/","title":{"rendered":"Pla Previsi\u00f3"},"content":{"rendered":"\t\t<div data-elementor-type=\"wp-post\" data-elementor-id=\"1590\" class=\"elementor elementor-1590 elementor-715\" data-elementor-post-type=\"page\">\n\t\t\t\t\t\t<section class=\"elementor-section elementor-top-section elementor-element elementor-element-95feb21 elementor-section-boxed elementor-section-height-default elementor-section-height-default\" data-id=\"95feb21\" data-element_type=\"section\" data-e-type=\"section\" data-settings=\"{&quot;background_background&quot;:&quot;classic&quot;}\">\n\t\t\t\t\t\t\t<div class=\"elementor-background-overlay\"><\/div>\n\t\t\t\t\t\t\t<div class=\"elementor-container elementor-column-gap-no\">\n\t\t\t\t\t<div class=\"elementor-column elementor-col-100 elementor-top-column elementor-element elementor-element-e0fabbc\" data-id=\"e0fabbc\" data-element_type=\"column\" data-e-type=\"column\">\n\t\t\t<div class=\"elementor-widget-wrap elementor-element-populated\">\n\t\t\t\t\t\t<div class=\"elementor-element elementor-element-5ffaa05 elementor-widget elementor-widget-heading\" data-id=\"5ffaa05\" data-element_type=\"widget\" data-e-type=\"widget\" data-widget_type=\"heading.default\">\n\t\t\t\t<div class=\"elementor-widget-container\">\n\t\t\t\t\t<h1 class=\"elementor-heading-title elementor-size-default\">Pla Previsi\u00f3<\/h1>\t\t\t\t<\/div>\n\t\t\t\t<\/div>\n\t\t\t\t<div class=\"elementor-element elementor-element-f932968 elementor-widget elementor-widget-text-editor\" data-id=\"f932968\" data-element_type=\"widget\" data-e-type=\"widget\" data-widget_type=\"text-editor.default\">\n\t\t\t\t<div class=\"elementor-widget-container\">\n\t\t\t\t\t\t\t\t\t<p>El servei Pla Previsi\u00f3 per a mascotes \u00e9s un servei que ofereix la possibilitat de planificar i gestionar la incineraci\u00f3 duna mascota abans que mori. Aquest servei s&#8217;adre\u00e7a a persones que, un cop arribi el moment de la defunci\u00f3 de la seva mascota, no s&#8217;hagin de preocupar per la gesti\u00f3 i els tr\u00e0mits que s&#8217;hagin de fer. Tenir la tranquil\u00b7litat que han pogut mirar totes les opcions amb calma i que no ser\u00e0 un proc\u00e9s que hagin de fer amb presses i corrent. <\/p>\n\t\t\t\t\t\t\t\t<\/div>\n\t\t\t\t<\/div>\n\t\t\t\t\t<\/div>\n\t\t<\/div>\n\t\t\t\t\t<\/div>\n\t\t<\/section>\n\t\t\t\t<section class=\"elementor-section elementor-top-section elementor-element elementor-element-ff7ba15 elementor-section-full_width elementor-section-height-default elementor-section-height-default\" data-id=\"ff7ba15\" data-element_type=\"section\" data-e-type=\"section\" data-settings=\"{&quot;background_background&quot;:&quot;classic&quot;}\">\n\t\t\t\t\t\t\t<div class=\"elementor-background-overlay\"><\/div>\n\t\t\t\t\t\t\t<div class=\"elementor-container elementor-column-gap-no\">\n\t\t\t\t\t<div class=\"elementor-column elementor-col-50 elementor-top-column elementor-element elementor-element-197a909\" data-id=\"197a909\" data-element_type=\"column\" data-e-type=\"column\">\n\t\t\t<div class=\"elementor-widget-wrap elementor-element-populated\">\n\t\t\t\t\t\t<div class=\"elementor-element elementor-element-d40c246 elementor-widget elementor-widget-heading\" data-id=\"d40c246\" data-element_type=\"widget\" data-e-type=\"widget\" data-widget_type=\"heading.default\">\n\t\t\t\t<div class=\"elementor-widget-container\">\n\t\t\t\t\t<h2 class=\"elementor-heading-title elementor-size-default\">Pla previsi\u00f3 individual\n\n\n<\/h2>\t\t\t\t<\/div>\n\t\t\t\t<\/div>\n\t\t\t\t<div class=\"elementor-element elementor-element-00e0e19 elementor-widget elementor-widget-text-editor\" data-id=\"00e0e19\" data-element_type=\"widget\" data-e-type=\"widget\" data-widget_type=\"text-editor.default\">\n\t\t\t\t<div class=\"elementor-widget-container\">\n\t\t\t\t\t\t\t\t\t<p>El pla previsi\u00f3 d&#8217;incineraci\u00f3 individual de la vostra mascota permet a la fam\u00edlia:<\/p>\n<ul>\n<li>Parlar amb un membre del nostre equip perqu\u00e8 els doni suport en tots els dubtes que puguin sorgir quan arribi el moment de la seva partida. <\/li>\n<li>Possibilitat d&#8217;escollir i deixar gestionat tots els serveis que volen incloure dins la incineraci\u00f3 individual de la mascota. <\/li>\n<li>Deixar totes les dades necess\u00e0ries perqu\u00e8 un cop arribi el moment, nom\u00e9s ens hagin de deixar un missatge o trucar-nos per gestionar el servei d&#8217;incineraci\u00f3 individualitzada. <\/li>\n<\/ul>\n\t\t\t\t\t\t\t\t<\/div>\n\t\t\t\t<\/div>\n\t\t\t\t\t<\/div>\n\t\t<\/div>\n\t\t\t\t<div class=\"elementor-column elementor-col-50 elementor-top-column elementor-element elementor-element-be80967\" data-id=\"be80967\" data-element_type=\"column\" data-e-type=\"column\" data-settings=\"{&quot;background_background&quot;:&quot;classic&quot;}\">\n\t\t\t<div class=\"elementor-widget-wrap elementor-element-populated\">\n\t\t\t\t\t<div class=\"elementor-background-overlay\"><\/div>\n\t\t\t\t\t\t<div class=\"elementor-element elementor-element-b36ebab elementor-widget elementor-widget-image\" data-id=\"b36ebab\" data-element_type=\"widget\" data-e-type=\"widget\" data-widget_type=\"image.default\">\n\t\t\t\t<div class=\"elementor-widget-container\">\n\t\t\t\t\t\t\t\t\t\t\t\t\t\t\t<img fetchpriority=\"high\" decoding=\"async\" width=\"1024\" height=\"1024\" src=\"https:\/\/crematoridemascotes.com\/wp-content\/uploads\/2023\/05\/54-1024x1024.png\" class=\"attachment-large size-large wp-image-1565\" alt=\"SERVICIO INCINERACI\u00d3N DE MASCOTAS COLECTIVA\" srcset=\"https:\/\/crematoridemascotes.com\/wp-content\/uploads\/2023\/05\/54-1024x1024.png 1024w, https:\/\/crematoridemascotes.com\/wp-content\/uploads\/2023\/05\/54-300x300.png 300w, https:\/\/crematoridemascotes.com\/wp-content\/uploads\/2023\/05\/54-150x150.png 150w, https:\/\/crematoridemascotes.com\/wp-content\/uploads\/2023\/05\/54-768x768.png 768w, https:\/\/crematoridemascotes.com\/wp-content\/uploads\/2023\/05\/54-600x600.png 600w, https:\/\/crematoridemascotes.com\/wp-content\/uploads\/2023\/05\/54-100x100.png 100w, https:\/\/crematoridemascotes.com\/wp-content\/uploads\/2023\/05\/54.png 1080w\" sizes=\"(max-width: 1024px) 100vw, 1024px\" \/>\t\t\t\t\t\t\t\t\t\t\t\t\t\t\t<\/div>\n\t\t\t\t<\/div>\n\t\t\t\t<div class=\"elementor-element elementor-element-8e2781b elementor-align-center elementor-widget elementor-widget-button\" data-id=\"8e2781b\" data-element_type=\"widget\" data-e-type=\"widget\" data-widget_type=\"button.default\">\n\t\t\t\t<div class=\"elementor-widget-container\">\n\t\t\t\t\t\t\t\t\t<div class=\"elementor-button-wrapper\">\n\t\t\t\t\t<a class=\"elementor-button elementor-button-link elementor-size-sm\" href=\"https:\/\/crematoridemascotes.com\/ca\/producto\/servei-incineracion-de-mascotes-individual\/\">\n\t\t\t\t\t\t<span class=\"elementor-button-content-wrapper\">\n\t\t\t\t\t\t\t\t\t<span class=\"elementor-button-text\">Contractar servei<\/span>\n\t\t\t\t\t<\/span>\n\t\t\t\t\t<\/a>\n\t\t\t\t<\/div>\n\t\t\t\t\t\t\t\t<\/div>\n\t\t\t\t<\/div>\n\t\t\t\t\t<\/div>\n\t\t<\/div>\n\t\t\t\t\t<\/div>\n\t\t<\/section>\n\t\t\t\t<section class=\"elementor-section elementor-top-section elementor-element elementor-element-d09e498 elementor-section-full_width elementor-section-height-default elementor-section-height-default\" data-id=\"d09e498\" data-element_type=\"section\" data-e-type=\"section\" data-settings=\"{&quot;background_background&quot;:&quot;classic&quot;}\">\n\t\t\t\t\t\t\t<div class=\"elementor-background-overlay\"><\/div>\n\t\t\t\t\t\t\t<div class=\"elementor-container elementor-column-gap-no\">\n\t\t\t\t\t<div class=\"elementor-column elementor-col-50 elementor-top-column elementor-element elementor-element-3e2ec59\" data-id=\"3e2ec59\" data-element_type=\"column\" data-e-type=\"column\">\n\t\t\t<div class=\"elementor-widget-wrap elementor-element-populated\">\n\t\t\t\t\t\t<div class=\"elementor-element elementor-element-9c65b6e elementor-widget elementor-widget-heading\" data-id=\"9c65b6e\" data-element_type=\"widget\" data-e-type=\"widget\" data-widget_type=\"heading.default\">\n\t\t\t\t<div class=\"elementor-widget-container\">\n\t\t\t\t\t<h2 class=\"elementor-heading-title elementor-size-default\">Pla previsi\u00f3 col\u00b7lectiva\n\n\n\n<\/h2>\t\t\t\t<\/div>\n\t\t\t\t<\/div>\n\t\t\t\t<div class=\"elementor-element elementor-element-f3da6ea elementor-widget elementor-widget-text-editor\" data-id=\"f3da6ea\" data-element_type=\"widget\" data-e-type=\"widget\" data-widget_type=\"text-editor.default\">\n\t\t\t\t<div class=\"elementor-widget-container\">\n\t\t\t\t\t\t\t\t\t<div class=\"wpb_text_column wpb_content_element post-formatting \">\n<div class=\"wpb_wrapper\">\n<p>El pla previsi\u00f3 d&#8217;incineraci\u00f3 col\u00b7lectiva de la vostra mascota permet a la fam\u00edlia:<\/p>\n<ul>\n<li>Parlar amb un membre del nostre equip perqu\u00e8 els doni suport en tots els dubtes que puguin sorgir quan arribi el moment de la seva partida. <\/li>\n<li>Deixar totes les dades necess\u00e0ries perqu\u00e8 un cop arribi el moment, nom\u00e9s ens hagin de deixar un missatge o trucar-nos per gestionar el servei d&#8217;incineraci\u00f3 individualitzada. <\/li>\n<\/ul>\n<\/div>\n<\/div>\n\t\t\t\t\t\t\t\t<\/div>\n\t\t\t\t<\/div>\n\t\t\t\t\t<\/div>\n\t\t<\/div>\n\t\t\t\t<div class=\"elementor-column elementor-col-50 elementor-top-column elementor-element elementor-element-8389b85\" data-id=\"8389b85\" data-element_type=\"column\" data-e-type=\"column\" data-settings=\"{&quot;background_background&quot;:&quot;classic&quot;}\">\n\t\t\t<div class=\"elementor-widget-wrap elementor-element-populated\">\n\t\t\t\t\t<div class=\"elementor-background-overlay\"><\/div>\n\t\t\t\t\t\t<div class=\"elementor-element elementor-element-8b462d6 elementor-widget elementor-widget-image\" data-id=\"8b462d6\" data-element_type=\"widget\" data-e-type=\"widget\" data-widget_type=\"image.default\">\n\t\t\t\t<div class=\"elementor-widget-container\">\n\t\t\t\t\t\t\t\t\t\t\t\t\t\t\t<img decoding=\"async\" width=\"1024\" height=\"1024\" src=\"https:\/\/crematoridemascotes.com\/wp-content\/uploads\/2023\/05\/49-1024x1024.png\" class=\"attachment-large size-large wp-image-1564\" alt=\"SERVICIO INCINERACI\u00d3N DE PERROS COLECTIVA\" srcset=\"https:\/\/crematoridemascotes.com\/wp-content\/uploads\/2023\/05\/49-1024x1024.png 1024w, https:\/\/crematoridemascotes.com\/wp-content\/uploads\/2023\/05\/49-300x300.png 300w, https:\/\/crematoridemascotes.com\/wp-content\/uploads\/2023\/05\/49-150x150.png 150w, https:\/\/crematoridemascotes.com\/wp-content\/uploads\/2023\/05\/49-768x768.png 768w, https:\/\/crematoridemascotes.com\/wp-content\/uploads\/2023\/05\/49-600x600.png 600w, https:\/\/crematoridemascotes.com\/wp-content\/uploads\/2023\/05\/49-100x100.png 100w, https:\/\/crematoridemascotes.com\/wp-content\/uploads\/2023\/05\/49.png 1080w\" sizes=\"(max-width: 1024px) 100vw, 1024px\" \/>\t\t\t\t\t\t\t\t\t\t\t\t\t\t\t<\/div>\n\t\t\t\t<\/div>\n\t\t\t\t<div class=\"elementor-element elementor-element-abf8384 elementor-align-center elementor-widget elementor-widget-button\" data-id=\"abf8384\" data-element_type=\"widget\" data-e-type=\"widget\" data-widget_type=\"button.default\">\n\t\t\t\t<div class=\"elementor-widget-container\">\n\t\t\t\t\t\t\t\t\t<div class=\"elementor-button-wrapper\">\n\t\t\t\t\t<a class=\"elementor-button elementor-button-link elementor-size-sm\" href=\"https:\/\/crematoridemascotes.com\/ca\/producto\/servei-incineracion-de-mascotes-col%c2%b7lectiva\/\" target=\"_blank\">\n\t\t\t\t\t\t<span class=\"elementor-button-content-wrapper\">\n\t\t\t\t\t\t\t\t\t<span class=\"elementor-button-text\">Contractar servei<\/span>\n\t\t\t\t\t<\/span>\n\t\t\t\t\t<\/a>\n\t\t\t\t<\/div>\n\t\t\t\t\t\t\t\t<\/div>\n\t\t\t\t<\/div>\n\t\t\t\t\t<\/div>\n\t\t<\/div>\n\t\t\t\t\t<\/div>\n\t\t<\/section>\n\t\t\t\t<section class=\"elementor-section elementor-top-section elementor-element elementor-element-79aaf24 elementor-section-boxed elementor-section-height-default elementor-section-height-default\" data-id=\"79aaf24\" data-element_type=\"section\" data-e-type=\"section\">\n\t\t\t\t\t\t<div class=\"elementor-container elementor-column-gap-default\">\n\t\t\t\t\t<div class=\"elementor-column elementor-col-100 elementor-top-column elementor-element elementor-element-c208283\" data-id=\"c208283\" data-element_type=\"column\" data-e-type=\"column\">\n\t\t\t<div class=\"elementor-widget-wrap\">\n\t\t\t\t\t\t\t<\/div>\n\t\t<\/div>\n\t\t\t\t\t<\/div>\n\t\t<\/section>\n\t\t\t\t<\/div>\n\t\t","protected":false},"excerpt":{"rendered":"<p>Pla Previsi\u00f3 El servei Pla Previsi\u00f3 per a mascotes \u00e9s un servei que ofereix la possibilitat de planificar i gestionar la incineraci\u00f3 duna mascota abans que mori. Aquest servei s&#8217;adre\u00e7a a persones que, un cop arribi el moment de la defunci\u00f3 de la seva mascota, no s&#8217;hagin de preocupar per la gesti\u00f3 i els tr\u00e0mits [&hellip;]<\/p>\n","protected":false},"author":1,"featured_media":0,"parent":0,"menu_order":0,"comment_status":"closed","ping_status":"closed","template":"","meta":{"site-sidebar-layout":"no-sidebar","site-content-layout":"page-builder","ast-site-content-layout":"default","site-content-style":"default","site-sidebar-style":"default","ast-global-header-display":"","ast-banner-title-visibility":"","ast-main-header-display":"","ast-hfb-above-header-display":"","ast-hfb-below-header-display":"","ast-hfb-mobile-header-display":"","site-post-title":"disabled","ast-breadcrumbs-content":"disabled","ast-featured-img":"disabled","footer-sml-layout":"","ast-disable-related-posts":"","theme-transparent-header-meta":"enabled","adv-header-id-meta":"","stick-header-meta":"","header-above-stick-meta":"","header-main-stick-meta":"","header-below-stick-meta":"","astra-migrate-meta-layouts":"default","ast-page-background-enabled":"default","ast-page-background-meta":{"desktop":{"background-color":"","background-image":"","background-repeat":"repeat","background-position":"center center","background-size":"auto","background-attachment":"scroll","background-type":"","background-media":"","overlay-type":"","overlay-color":"","overlay-opacity":"","overlay-gradient":""},"tablet":{"background-color":"","background-image":"","background-repeat":"repeat","background-position":"center center","background-size":"auto","background-attachment":"scroll","background-type":"","background-media":"","overlay-type":"","overlay-color":"","overlay-opacity":"","overlay-gradient":""},"mobile":{"background-color":"","background-image":"","background-repeat":"repeat","background-position":"center center","background-size":"auto","background-attachment":"scroll","background-type":"","background-media":"","overlay-type":"","overlay-color":"","overlay-opacity":"","overlay-gradient":""}},"ast-content-background-meta":{"desktop":{"background-color":"var(--ast-global-color-5)","background-image":"","background-repeat":"repeat","background-position":"center center","background-size":"auto","background-attachment":"scroll","background-type":"","background-media":"","overlay-type":"","overlay-color":"","overlay-opacity":"","overlay-gradient":""},"tablet":{"background-color":"var(--ast-global-color-5)","background-image":"","background-repeat":"repeat","background-position":"center center","background-size":"auto","background-attachment":"scroll","background-type":"","background-media":"","overlay-type":"","overlay-color":"","overlay-opacity":"","overlay-gradient":""},"mobile":{"background-color":"var(--ast-global-color-5)","background-image":"","background-repeat":"repeat","background-position":"center center","background-size":"auto","background-attachment":"scroll","background-type":"","background-media":"","overlay-type":"","overlay-color":"","overlay-opacity":"","overlay-gradient":""}},"_joinchat":[],"footnotes":""},"class_list":["post-1590","page","type-page","status-publish","hentry"],"_links":{"self":[{"href":"https:\/\/crematoridemascotes.com\/ca\/wp-json\/wp\/v2\/pages\/1590","targetHints":{"allow":["GET"]}}],"collection":[{"href":"https:\/\/crematoridemascotes.com\/ca\/wp-json\/wp\/v2\/pages"}],"about":[{"href":"https:\/\/crematoridemascotes.com\/ca\/wp-json\/wp\/v2\/types\/page"}],"author":[{"embeddable":true,"href":"https:\/\/crematoridemascotes.com\/ca\/wp-json\/wp\/v2\/users\/1"}],"replies":[{"embeddable":true,"href":"https:\/\/crematoridemascotes.com\/ca\/wp-json\/wp\/v2\/comments?post=1590"}],"version-history":[{"count":5,"href":"https:\/\/crematoridemascotes.com\/ca\/wp-json\/wp\/v2\/pages\/1590\/revisions"}],"predecessor-version":[{"id":3324,"href":"https:\/\/crematoridemascotes.com\/ca\/wp-json\/wp\/v2\/pages\/1590\/revisions\/3324"}],"wp:attachment":[{"href":"https:\/\/crematoridemascotes.com\/ca\/wp-json\/wp\/v2\/media?parent=1590"}],"curies":[{"name":"wp","href":"https:\/\/api.w.org\/{rel}","templated":true}]}}