{"id":1607,"date":"2023-05-04T16:24:09","date_gmt":"2023-05-04T16:24:09","guid":{"rendered":"https:\/\/crematoridemascotes.com\/eutanasia-a-domicili\/"},"modified":"2025-10-26T15:10:13","modified_gmt":"2025-10-26T15:10:13","slug":"eutanasia-a-domicili","status":"publish","type":"page","link":"https:\/\/crematoridemascotes.com\/ca\/eutanasia-a-domicili\/","title":{"rendered":"Eutan\u00e0sia a domicili"},"content":{"rendered":"\t\t<div data-elementor-type=\"wp-page\" data-elementor-id=\"1607\" class=\"elementor elementor-1607 elementor-804\" data-elementor-post-type=\"page\">\n\t\t\t\t\t\t<section class=\"elementor-section elementor-top-section elementor-element elementor-element-0bf1f3a elementor-section-boxed elementor-section-height-default elementor-section-height-default\" data-id=\"0bf1f3a\" data-element_type=\"section\" data-e-type=\"section\" data-settings=\"{&quot;background_background&quot;:&quot;classic&quot;}\">\n\t\t\t\t\t\t\t<div class=\"elementor-background-overlay\"><\/div>\n\t\t\t\t\t\t\t<div class=\"elementor-container elementor-column-gap-no\">\n\t\t\t\t\t<div class=\"elementor-column elementor-col-100 elementor-top-column elementor-element elementor-element-ebe8622\" data-id=\"ebe8622\" data-element_type=\"column\" data-e-type=\"column\">\n\t\t\t<div class=\"elementor-widget-wrap elementor-element-populated\">\n\t\t\t\t\t\t<div class=\"elementor-element elementor-element-54a5756 elementor-widget elementor-widget-heading\" data-id=\"54a5756\" data-element_type=\"widget\" data-e-type=\"widget\" data-widget_type=\"heading.default\">\n\t\t\t\t<div class=\"elementor-widget-container\">\n\t\t\t\t\t<h1 class=\"elementor-heading-title elementor-size-default\">Eutan\u00e0sia a domicili\n<\/h1>\t\t\t\t<\/div>\n\t\t\t\t<\/div>\n\t\t\t\t<div class=\"elementor-element elementor-element-e940d4a elementor-widget elementor-widget-text-editor\" data-id=\"e940d4a\" data-element_type=\"widget\" data-e-type=\"widget\" data-widget_type=\"text-editor.default\">\n\t\t\t\t<div class=\"elementor-widget-container\">\n\t\t\t\t\t\t\t\t\t<p>Com tots sabem, les mascotes s\u00f3n una part fonamental a la fam\u00edlia i no volem que arribi el moment de prendre una decisi\u00f3 tan complexa com \u00e9s la de dormir a la nostra mascota. Pensar en l&#8217;eutan\u00e0sia, \u00e9s una cosa del que a cap amo de mascotes li agrada parlar, per\u00f2 malauradament \u00e9s una decisi\u00f3 amb qu\u00e8 molts amos han de bregar. Assumir la responsabilitat duna mort digna, pac\u00edfica i sense dolor \u00e9s el millor que un amo pot fer per una mascota estimada.<\/p>\t\t\t\t\t\t\t\t<\/div>\n\t\t\t\t<\/div>\n\t\t\t\t\t<\/div>\n\t\t<\/div>\n\t\t\t\t\t<\/div>\n\t\t<\/section>\n\t\t\t\t<section class=\"elementor-section elementor-top-section elementor-element elementor-element-4da3d25 elementor-section-full_width elementor-section-height-default elementor-section-height-default\" data-id=\"4da3d25\" data-element_type=\"section\" data-e-type=\"section\" data-settings=\"{&quot;background_background&quot;:&quot;classic&quot;}\">\n\t\t\t\t\t\t\t<div class=\"elementor-background-overlay\"><\/div>\n\t\t\t\t\t\t\t<div class=\"elementor-container elementor-column-gap-no\">\n\t\t\t\t\t<div class=\"elementor-column elementor-col-50 elementor-top-column elementor-element elementor-element-ec0de85\" data-id=\"ec0de85\" data-element_type=\"column\" data-e-type=\"column\">\n\t\t\t<div class=\"elementor-widget-wrap elementor-element-populated\">\n\t\t\t\t\t\t<div class=\"elementor-element elementor-element-de5800f elementor-widget__width-initial elementor-widget-mobile__width-initial elementor-widget elementor-widget-heading\" data-id=\"de5800f\" data-element_type=\"widget\" data-e-type=\"widget\" data-widget_type=\"heading.default\">\n\t\t\t\t<div class=\"elementor-widget-container\">\n\t\t\t\t\t<h2 class=\"elementor-heading-title elementor-size-default\">Procediments a seguir:<\/h2>\t\t\t\t<\/div>\n\t\t\t\t<\/div>\n\t\t\t\t<div class=\"elementor-element elementor-element-83c3416 elementor-widget elementor-widget-text-editor\" data-id=\"83c3416\" data-element_type=\"widget\" data-e-type=\"widget\" data-widget_type=\"text-editor.default\">\n\t\t\t\t<div class=\"elementor-widget-container\">\n\t\t\t\t\t\t\t\t\t<ol><li>Contactar amb el nostre equip a trav\u00e9s de:<ul><li>info@crematoridemascotes.com<\/li><li><a href=\"https:\/\/api.whatsapp.com\/send\/?phone=34613151558&amp;text=Hola%2C+quiero+recibir+m%C3%A1s+informaci%C3%B3n&amp;type=phone_number&amp;app_absent=0\" rel=\"nofollow noopener\" target=\"_blank\">613151558<\/a><\/li><\/ul><\/li><li>Parlar amb els veterinaris per confirmar que el seu gos o gat \u00e9s un cas apte per procedir amb l\u2019eutan\u00e0sia. Prendre la decisi\u00f3 amb tranquil\u00b7litat juntament amb el veterinari.  Sabem que \u00e9s una decisi\u00f3 molt complicada i que el sacrifici d&#8217;una mascota requereix un cert temps.<\/li><li>Confirmeu dia i hora per procedir amb el servei d&#8217;eutan\u00e0sia a domicili.<\/li><li>Arribat el dia, el veterinari es despla\u00e7ar\u00e0 al domicili, explicar\u00e0 a la fam\u00edlia com ser\u00e0 el procediment i aplicar\u00e0 l\u2019eutan\u00e0sia.<\/li><li>Un cop us heu procedit a dormir al vostre gos o gat, el nostre equip del tanatori de mascotes procedir\u00e0 a pujar al domicili per recollir la vostra mascota i realitzar el servei d&#8217; incineraci\u00f3 individual o incineraci\u00f3 col\u00b7lectiva.<\/li><\/ol>\t\t\t\t\t\t\t\t<\/div>\n\t\t\t\t<\/div>\n\t\t\t\t<div class=\"elementor-element elementor-element-e82e3ec elementor-mobile-align-justify elementor-align-center elementor-widget elementor-widget-button\" data-id=\"e82e3ec\" data-element_type=\"widget\" data-e-type=\"widget\" data-widget_type=\"button.default\">\n\t\t\t\t<div class=\"elementor-widget-container\">\n\t\t\t\t\t\t\t\t\t<div class=\"elementor-button-wrapper\">\n\t\t\t\t\t<a class=\"elementor-button elementor-button-link elementor-size-sm\" href=\"https:\/\/api.whatsapp.com\/send\/?phone=34613151558&#038;text=Hola%2C+quiero+recibir+m%C3%A1s+informaci%C3%B3n&#038;type=phone_number&#038;app_absent=0\" target=\"_blank\" rel=\"nofollow noopener\" id=\"1234AD\">\n\t\t\t\t\t\t<span class=\"elementor-button-content-wrapper\">\n\t\t\t\t\t\t\t\t\t<span class=\"elementor-button-text\">Contacta<\/span>\n\t\t\t\t\t<\/span>\n\t\t\t\t\t<\/a>\n\t\t\t\t<\/div>\n\t\t\t\t\t\t\t\t<\/div>\n\t\t\t\t<\/div>\n\t\t\t\t\t<\/div>\n\t\t<\/div>\n\t\t\t\t<div class=\"elementor-column elementor-col-50 elementor-top-column elementor-element elementor-element-a5a541f\" data-id=\"a5a541f\" data-element_type=\"column\" data-e-type=\"column\" data-settings=\"{&quot;background_background&quot;:&quot;classic&quot;}\">\n\t\t\t<div class=\"elementor-widget-wrap elementor-element-populated\">\n\t\t\t\t\t<div class=\"elementor-background-overlay\"><\/div>\n\t\t\t\t\t\t<div class=\"elementor-element elementor-element-f18547a elementor-widget elementor-widget-image\" data-id=\"f18547a\" data-element_type=\"widget\" data-e-type=\"widget\" data-widget_type=\"image.default\">\n\t\t\t\t<div class=\"elementor-widget-container\">\n\t\t\t\t\t\t\t\t\t\t\t\t\t\t\t<img fetchpriority=\"high\" decoding=\"async\" width=\"667\" height=\"1000\" src=\"https:\/\/crematoridemascotes.com\/wp-content\/uploads\/2023\/04\/female-veterinarian-with-stethoscope-placing-white-cloth-under-the-dog-lying-on-table-1.webp\" class=\"attachment-full size-full wp-image-1490\" alt=\"Veterinaria escoltando a un perro\" srcset=\"https:\/\/crematoridemascotes.com\/wp-content\/uploads\/2023\/04\/female-veterinarian-with-stethoscope-placing-white-cloth-under-the-dog-lying-on-table-1.webp 667w, https:\/\/crematoridemascotes.com\/wp-content\/uploads\/2023\/04\/female-veterinarian-with-stethoscope-placing-white-cloth-under-the-dog-lying-on-table-1-200x300.webp 200w\" sizes=\"(max-width: 667px) 100vw, 667px\" \/>\t\t\t\t\t\t\t\t\t\t\t\t\t\t\t<\/div>\n\t\t\t\t<\/div>\n\t\t\t\t\t<\/div>\n\t\t<\/div>\n\t\t\t\t\t<\/div>\n\t\t<\/section>\n\t\t\t\t<section class=\"elementor-section elementor-top-section elementor-element elementor-element-ceaae80 elementor-section-full_width elementor-section-height-default elementor-section-height-default\" data-id=\"ceaae80\" data-element_type=\"section\" data-e-type=\"section\" data-settings=\"{&quot;background_background&quot;:&quot;classic&quot;}\">\n\t\t\t\t\t\t\t<div class=\"elementor-background-overlay\"><\/div>\n\t\t\t\t\t\t\t<div class=\"elementor-container elementor-column-gap-no\">\n\t\t\t\t\t<div class=\"elementor-column elementor-col-50 elementor-top-column elementor-element elementor-element-c0cec66\" data-id=\"c0cec66\" data-element_type=\"column\" data-e-type=\"column\">\n\t\t\t<div class=\"elementor-widget-wrap elementor-element-populated\">\n\t\t\t\t\t\t<div class=\"elementor-element elementor-element-4cce316 elementor-widget__width-initial elementor-widget elementor-widget-heading\" data-id=\"4cce316\" data-element_type=\"widget\" data-e-type=\"widget\" data-widget_type=\"heading.default\">\n\t\t\t\t<div class=\"elementor-widget-container\">\n\t\t\t\t\t<h2 class=\"elementor-heading-title elementor-size-default\">Eutan\u00e0sia de mascota a casa<\/h2>\t\t\t\t<\/div>\n\t\t\t\t<\/div>\n\t\t\t\t<div class=\"elementor-element elementor-element-ff46b7e elementor-widget elementor-widget-text-editor\" data-id=\"ff46b7e\" data-element_type=\"widget\" data-e-type=\"widget\" data-widget_type=\"text-editor.default\">\n\t\t\t\t<div class=\"elementor-widget-container\">\n\t\t\t\t\t\t\t\t\t<div class=\"wpb_text_column wpb_content_element post-formatting \"><div class=\"wpb_wrapper\"><p>A hores d&#8217;ara, moltes fam\u00edlies decideixen escollir aquest servei per donar el darrer ad\u00e9u al seu gos o gat a casa, al costat de la fam\u00edlia i en un espai tranquil i conegut per l&#8217;animal.<\/p><p>Prendre la decisi\u00f3 de sacrificar un gos o un gat \u00e9s una situaci\u00f3 molt complexa que per desgr\u00e0cia han de viure moltes fam\u00edlies. La p\u00e8rdua de qualitat de vida de les mascotes o la diagnosticaci\u00f3 d&#8217;un c\u00e0ncer irreversible s\u00f3n algunes de les causes que porten a prendre la decisi\u00f3 de fer l&#8217;eutan\u00e0sia.<\/p><p>El fet que la seva mascota deixi de menjar, beure aigua, tingui v\u00f2mits, signes de dolor, tamb\u00e9 poden ser signes que estigui arribant el seu moment i en aquests casos recomanem que es posin en contacte amb el nostre equip perqu\u00e8 els puguem assistir i indicar-los que procediment han de seguir.<\/p><p>Arribat el moment, al Tanatori de Mascotes \u201cSu Amor Deja Huella\u201d, estarem a la vostra disposici\u00f3 per assistir-los i acompanyar-los en aquests moments tan delicats i que han de ser tractats amb la major empatia possible.<\/p><p>Per a qualsevol dubte o consulta, podeu escriure&#8217;ns o trucar-nos al <a href=\"https:\/\/api.whatsapp.com\/send\/?phone=34613151558&amp;text=Hola%2C+quiero+recibir+m%C3%A1s+informaci%C3%B3n&amp;type=phone_number&amp;app_absent=0\" target=\"_blank\" rel=\"nofollow noopener\">613151558<\/a> o enviar-nos un correu electr\u00f2nic a info@crematoridemascotes.com<\/p><\/div><\/div>\t\t\t\t\t\t\t\t<\/div>\n\t\t\t\t<\/div>\n\t\t\t\t\t<\/div>\n\t\t<\/div>\n\t\t\t\t<div class=\"elementor-column elementor-col-50 elementor-top-column elementor-element elementor-element-79198c8\" data-id=\"79198c8\" data-element_type=\"column\" data-e-type=\"column\" data-settings=\"{&quot;background_background&quot;:&quot;classic&quot;}\">\n\t\t\t<div class=\"elementor-widget-wrap elementor-element-populated\">\n\t\t\t\t\t<div class=\"elementor-background-overlay\"><\/div>\n\t\t\t\t\t\t<div class=\"elementor-element elementor-element-8a04a21 elementor-widget elementor-widget-image\" data-id=\"8a04a21\" data-element_type=\"widget\" data-e-type=\"widget\" data-widget_type=\"image.default\">\n\t\t\t\t<div class=\"elementor-widget-container\">\n\t\t\t\t\t\t\t\t\t\t\t\t\t\t\t<img decoding=\"async\" width=\"683\" height=\"1024\" src=\"https:\/\/crematoridemascotes.com\/wp-content\/uploads\/2023\/04\/vet-eut-1-683x1024-1.webp\" class=\"attachment-full size-full wp-image-1491\" alt=\"Veterinaria peinando a un perro\" srcset=\"https:\/\/crematoridemascotes.com\/wp-content\/uploads\/2023\/04\/vet-eut-1-683x1024-1.webp 683w, https:\/\/crematoridemascotes.com\/wp-content\/uploads\/2023\/04\/vet-eut-1-683x1024-1-600x900.webp 600w, https:\/\/crematoridemascotes.com\/wp-content\/uploads\/2023\/04\/vet-eut-1-683x1024-1-200x300.webp 200w\" sizes=\"(max-width: 683px) 100vw, 683px\" \/>\t\t\t\t\t\t\t\t\t\t\t\t\t\t\t<\/div>\n\t\t\t\t<\/div>\n\t\t\t\t\t<\/div>\n\t\t<\/div>\n\t\t\t\t\t<\/div>\n\t\t<\/section>\n\t\t\t\t<section class=\"elementor-section elementor-top-section elementor-element elementor-element-23df393 elementor-section-boxed elementor-section-height-default elementor-section-height-default\" data-id=\"23df393\" data-element_type=\"section\" data-e-type=\"section\">\n\t\t\t\t\t\t<div class=\"elementor-container elementor-column-gap-default\">\n\t\t\t\t\t<div class=\"elementor-column elementor-col-100 elementor-top-column elementor-element elementor-element-2889dfc\" data-id=\"2889dfc\" data-element_type=\"column\" data-e-type=\"column\">\n\t\t\t<div class=\"elementor-widget-wrap elementor-element-populated\">\n\t\t\t\t\t\t<div class=\"elementor-element elementor-element-28f9a05 elementor-widget elementor-widget-heading\" data-id=\"28f9a05\" data-element_type=\"widget\" data-e-type=\"widget\" data-widget_type=\"heading.default\">\n\t\t\t\t<div class=\"elementor-widget-container\">\n\t\t\t\t\t<h3 class=\"elementor-heading-title elementor-size-default\">Qu\u00e8 cal fer despr\u00e9s de l'Eutan\u00e0sia?<\/h3>\t\t\t\t<\/div>\n\t\t\t\t<\/div>\n\t\t\t\t\t<\/div>\n\t\t<\/div>\n\t\t\t\t\t<\/div>\n\t\t<\/section>\n\t\t\t\t<section class=\"elementor-section elementor-top-section elementor-element elementor-element-61ab749 elementor-section-boxed elementor-section-height-default elementor-section-height-default\" data-id=\"61ab749\" data-element_type=\"section\" data-e-type=\"section\">\n\t\t\t\t\t\t<div class=\"elementor-container elementor-column-gap-default\">\n\t\t\t\t\t<div class=\"elementor-column elementor-col-100 elementor-top-column elementor-element elementor-element-01f6df2\" data-id=\"01f6df2\" data-element_type=\"column\" data-e-type=\"column\">\n\t\t\t<div class=\"elementor-widget-wrap elementor-element-populated\">\n\t\t\t\t\t\t<div class=\"elementor-element elementor-element-c73abb1 elementor-widget elementor-widget-text-editor\" data-id=\"c73abb1\" data-element_type=\"widget\" data-e-type=\"widget\" data-widget_type=\"text-editor.default\">\n\t\t\t\t<div class=\"elementor-widget-container\">\n\t\t\t\t\t\t\t\t\t<p>En el cam\u00ed de la vida, els que estimem les mascotes ens enfrontem sovint a decisions esquin\u00e7adores, essent una de les m\u00e9s desafiadores l&#8217;eutan\u00e0sia. Aquesta elecci\u00f3, marcada per un amor profund i compassi\u00f3, ens submergeix en un mar de preguntes i emocions. Comprendre com manejar el proc\u00e9s i qu\u00e8 fer despr\u00e9s de l&#8217;eutan\u00e0sia d&#8217;una mascota pot ser aclaparador, representant un per\u00edode d&#8217;intens dolor i reflexi\u00f3. Ens posem a les sabates d&#8217;aquelles que travessen aquest dif\u00edcil moment, entenent que cada pas que segueixi \u00e9s part d&#8217;un viatge emocional \u00fanic i personal. Per aix\u00f2 us presentem alguns consells:  <\/p><p><strong>Acceptar i Processar el Duel<\/strong> L&#8217; <b>eutan\u00e0sia a domicili<\/b> \u00e9s una decisi\u00f3 dif\u00edcil per\u00f2 compassiva per acabar el patiment de la teva mascota. Despr\u00e9s de l&#8217;eutan\u00e0sia, \u00e9s fonamental donar-te temps per processar el dol. El dol \u00e9s un proc\u00e9s personal i cada persona el viu de manera diferent. Permet-te sentir i expressar les teves emocions, ja sigui a trav\u00e9s de l&#8217;escriptura, parlant amb amics o familiars o fins i tot buscant suport professional. Recorda, \u00e9s normal i saludable plorar la p\u00e8rdua del teu company fidel.<\/p><p><strong>Crear un Record Significatiu<\/strong> : Despr\u00e9s de l&#8217; <b>eutan\u00e0sia per a gossos o per a la teva mascota a domicili<\/b> , considera crear un record per honrar la vida de la teva mascota. Aix\u00f2 pot ser una foto emmarcada, un \u00e0lbum de records, o fins i tot una petita cerim\u00f2nia amb familiars i amics que tamb\u00e9 van compartir un vincle amb la teva mascota. Aquests records poden servir com a consol tangible i ajudar en el proc\u00e9s de dol, recordant-te els bons moments compartits. A Seu Amor deixa Huella t&#8217;oferim diverses opcions com un <a href=\"https:\/\/crematoridemascotes.com\/ca\/producto\/marc-amb-petjada\/\" target=\"_blank\" rel=\"noopener\">marc amb empremta<\/a> o despr\u00e9s un <a href=\"https:\/\/crematoridemascotes.com\/ca\/incineracio-de-mascotes-barcelona\/\" target=\"_blank\" rel=\"noopener\">servei d&#8217;incineraci\u00f3 de mascota<\/a> , alguns escullen preservar les cendres del seu amic pelut en un penjoll per a cendres.<\/p>\t\t\t\t\t\t\t\t<\/div>\n\t\t\t\t<\/div>\n\t\t\t\t\t<\/div>\n\t\t<\/div>\n\t\t\t\t\t<\/div>\n\t\t<\/section>\n\t\t\t\t<\/div>\n\t\t","protected":false},"excerpt":{"rendered":"<p>Eutan\u00e0sia a domicili Com tots sabem, les mascotes s\u00f3n una part fonamental a la fam\u00edlia i no volem que arribi el moment de prendre una decisi\u00f3 tan complexa com \u00e9s la de dormir a la nostra mascota. Pensar en l&#8217;eutan\u00e0sia, \u00e9s una cosa del que a cap amo de mascotes li agrada parlar, per\u00f2 malauradament [&hellip;]<\/p>\n","protected":false},"author":1,"featured_media":0,"parent":0,"menu_order":0,"comment_status":"closed","ping_status":"closed","template":"","meta":{"site-sidebar-layout":"no-sidebar","site-content-layout":"page-builder","ast-site-content-layout":"full-width-container","site-content-style":"unboxed","site-sidebar-style":"unboxed","ast-global-header-display":"","ast-banner-title-visibility":"","ast-main-header-display":"","ast-hfb-above-header-display":"","ast-hfb-below-header-display":"","ast-hfb-mobile-header-display":"","site-post-title":"disabled","ast-breadcrumbs-content":"disabled","ast-featured-img":"disabled","footer-sml-layout":"","ast-disable-related-posts":"","theme-transparent-header-meta":"enabled","adv-header-id-meta":"","stick-header-meta":"","header-above-stick-meta":"","header-main-stick-meta":"","header-below-stick-meta":"","astra-migrate-meta-layouts":"default","ast-page-background-enabled":"default","ast-page-background-meta":{"desktop":{"background-color":"","background-image":"","background-repeat":"repeat","background-position":"center center","background-size":"auto","background-attachment":"scroll","background-type":"","background-media":"","overlay-type":"","overlay-color":"","overlay-opacity":"","overlay-gradient":""},"tablet":{"background-color":"","background-image":"","background-repeat":"repeat","background-position":"center center","background-size":"auto","background-attachment":"scroll","background-type":"","background-media":"","overlay-type":"","overlay-color":"","overlay-opacity":"","overlay-gradient":""},"mobile":{"background-color":"","background-image":"","background-repeat":"repeat","background-position":"center center","background-size":"auto","background-attachment":"scroll","background-type":"","background-media":"","overlay-type":"","overlay-color":"","overlay-opacity":"","overlay-gradient":""}},"ast-content-background-meta":{"desktop":{"background-color":"var(--ast-global-color-5)","background-image":"","background-repeat":"repeat","background-position":"center center","background-size":"auto","background-attachment":"scroll","background-type":"","background-media":"","overlay-type":"","overlay-color":"","overlay-opacity":"","overlay-gradient":""},"tablet":{"background-color":"var(--ast-global-color-5)","background-image":"","background-repeat":"repeat","background-position":"center center","background-size":"auto","background-attachment":"scroll","background-type":"","background-media":"","overlay-type":"","overlay-color":"","overlay-opacity":"","overlay-gradient":""},"mobile":{"background-color":"var(--ast-global-color-5)","background-image":"","background-repeat":"repeat","background-position":"center center","background-size":"auto","background-attachment":"scroll","background-type":"","background-media":"","overlay-type":"","overlay-color":"","overlay-opacity":"","overlay-gradient":""}},"_joinchat":[],"footnotes":""},"class_list":["post-1607","page","type-page","status-publish","hentry"],"_links":{"self":[{"href":"https:\/\/crematoridemascotes.com\/ca\/wp-json\/wp\/v2\/pages\/1607","targetHints":{"allow":["GET"]}}],"collection":[{"href":"https:\/\/crematoridemascotes.com\/ca\/wp-json\/wp\/v2\/pages"}],"about":[{"href":"https:\/\/crematoridemascotes.com\/ca\/wp-json\/wp\/v2\/types\/page"}],"author":[{"embeddable":true,"href":"https:\/\/crematoridemascotes.com\/ca\/wp-json\/wp\/v2\/users\/1"}],"replies":[{"embeddable":true,"href":"https:\/\/crematoridemascotes.com\/ca\/wp-json\/wp\/v2\/comments?post=1607"}],"version-history":[{"count":6,"href":"https:\/\/crematoridemascotes.com\/ca\/wp-json\/wp\/v2\/pages\/1607\/revisions"}],"predecessor-version":[{"id":5981,"href":"https:\/\/crematoridemascotes.com\/ca\/wp-json\/wp\/v2\/pages\/1607\/revisions\/5981"}],"wp:attachment":[{"href":"https:\/\/crematoridemascotes.com\/ca\/wp-json\/wp\/v2\/media?parent=1607"}],"curies":[{"name":"wp","href":"https:\/\/api.w.org\/{rel}","templated":true}]}}