{"id":1623,"date":"2023-03-22T19:52:48","date_gmt":"2023-03-22T19:52:48","guid":{"rendered":"https:\/\/crematoridemascotes.com\/serveis\/vetlla-per-a-mascotes\/"},"modified":"2025-10-26T18:53:52","modified_gmt":"2025-10-26T18:53:52","slug":"vetlla-per-a-mascotes","status":"publish","type":"page","link":"https:\/\/crematoridemascotes.com\/ca\/serveis\/vetlla-per-a-mascotes\/","title":{"rendered":"Vetlla per a Mascotes"},"content":{"rendered":"\t\t<div data-elementor-type=\"wp-page\" data-elementor-id=\"1623\" class=\"elementor elementor-1623 elementor-20\" data-elementor-post-type=\"page\">\n\t\t\t\t\t\t<section class=\"elementor-section elementor-top-section elementor-element elementor-element-4cf52a2 elementor-section-full_width elementor-section-height-default elementor-section-height-default\" data-id=\"4cf52a2\" data-element_type=\"section\" data-e-type=\"section\" data-settings=\"{&quot;background_background&quot;:&quot;classic&quot;}\">\n\t\t\t\t\t\t\t<div class=\"elementor-background-overlay\"><\/div>\n\t\t\t\t\t\t\t<div class=\"elementor-container elementor-column-gap-no\">\n\t\t\t\t\t<div class=\"elementor-column elementor-col-100 elementor-top-column elementor-element elementor-element-2359b2a\" data-id=\"2359b2a\" data-element_type=\"column\" data-e-type=\"column\">\n\t\t\t<div class=\"elementor-widget-wrap elementor-element-populated\">\n\t\t\t\t\t\t<div class=\"elementor-element elementor-element-9fef57e elementor-widget elementor-widget-heading\" data-id=\"9fef57e\" data-element_type=\"widget\" data-e-type=\"widget\" data-widget_type=\"heading.default\">\n\t\t\t\t<div class=\"elementor-widget-container\">\n\t\t\t\t\t<h1 class=\"elementor-heading-title elementor-size-default\">Vetlla per a Mascotes\n\n<\/h1>\t\t\t\t<\/div>\n\t\t\t\t<\/div>\n\t\t\t\t<div class=\"elementor-element elementor-element-fbf7508 elementor-widget elementor-widget-text-editor\" data-id=\"fbf7508\" data-element_type=\"widget\" data-e-type=\"widget\" data-widget_type=\"text-editor.default\">\n\t\t\t\t<div class=\"elementor-widget-container\">\n\t\t\t\t\t\t\t\t\t<p>El comiat duna mascota \u00e9s un moment dif\u00edcil i emocional per als amos de lanimal. \u00c9s normal sentir tristesa i dolor en perdre un \u00e9sser estimat, i la mort d&#8217;una mascota pot causar una profunda p\u00e8rdua i afectar tots els membres de la fam\u00edlia.<\/p><p>Hi ha diferents maneres d&#8217;acomiadar-se d&#8217;una mascota. Al nostre <strong>tanatori per a mascotes<\/strong> , oferim l&#8217;oportunitat que els \u00e9ssers estimats puguin venir a acomiadar-se per \u00faltima vegada i presenciar la <a class=\"\" href=\"https:\/\/crematoridemascotes.com\/ca\/incineracio-de-mascotes\/\">incineraci\u00f3<\/a> . Permetem a les fam\u00edlies que acompanyin la seva mascota fins al final i aquell mateix dia es puguin emportar les cendres dels seus \u00e9ssers estimats.<\/p>\t\t\t\t\t\t\t\t<\/div>\n\t\t\t\t<\/div>\n\t\t\t\t\t<\/div>\n\t\t<\/div>\n\t\t\t\t\t<\/div>\n\t\t<\/section>\n\t\t\t\t<section class=\"elementor-section elementor-top-section elementor-element elementor-element-145481b elementor-section-full_width elementor-section-height-default elementor-section-height-default\" data-id=\"145481b\" data-element_type=\"section\" data-e-type=\"section\" data-settings=\"{&quot;background_background&quot;:&quot;classic&quot;}\">\n\t\t\t\t\t\t\t<div class=\"elementor-background-overlay\"><\/div>\n\t\t\t\t\t\t\t<div class=\"elementor-container elementor-column-gap-no\">\n\t\t\t\t\t<div class=\"elementor-column elementor-col-50 elementor-top-column elementor-element elementor-element-752cc7a\" data-id=\"752cc7a\" data-element_type=\"column\" data-e-type=\"column\">\n\t\t\t<div class=\"elementor-widget-wrap elementor-element-populated\">\n\t\t\t\t\t\t<div class=\"elementor-element elementor-element-3b4c48b elementor-widget elementor-widget-heading\" data-id=\"3b4c48b\" data-element_type=\"widget\" data-e-type=\"widget\" data-widget_type=\"heading.default\">\n\t\t\t\t<div class=\"elementor-widget-container\">\n\t\t\t\t\t<h2 class=\"elementor-heading-title elementor-size-default\">Sales de Vetlla\n\n\n<\/h2>\t\t\t\t<\/div>\n\t\t\t\t<\/div>\n\t\t\t\t<div class=\"elementor-element elementor-element-c512e91 elementor-widget elementor-widget-text-editor\" data-id=\"c512e91\" data-element_type=\"widget\" data-e-type=\"widget\" data-widget_type=\"text-editor.default\">\n\t\t\t\t<div class=\"elementor-widget-container\">\n\t\t\t\t\t\t\t\t\t<div class=\"wpb_text_column wpb_content_element post-formatting \"><div class=\"wpb_wrapper\"><p>El comiat d&#8217;una mascota \u00e9s un moment dif\u00edcil per\u00f2 necessari per superar la p\u00e8rdua i recordar un \u00e9sser estimat. Cada persona experimenta el dol de manera diferent i pot trobar el seu cam\u00ed per acomiadar-se d&#8217;una mascota de manera respectuosa i digna.<\/p><p>Una vetlla per a mascotes \u00e9s un espai on els amos d&#8217;una mascota morta se&#8217;n poden acomiadar de manera \u00edntima i tranquil\u00b7la. El nostre centre compta amb un espai de 70m2 perqu\u00e8 les fam\u00edlies puguin venir a acomiadar-se dels seus \u00e9ssers estimats i puguin vetllar-ho de la mateixa manera que fan amb una persona<\/p><\/div><\/div>\t\t\t\t\t\t\t\t<\/div>\n\t\t\t\t<\/div>\n\t\t\t\t\t<\/div>\n\t\t<\/div>\n\t\t\t\t<div class=\"elementor-column elementor-col-50 elementor-top-column elementor-element elementor-element-339af19\" data-id=\"339af19\" data-element_type=\"column\" data-e-type=\"column\" data-settings=\"{&quot;background_background&quot;:&quot;classic&quot;}\">\n\t\t\t<div class=\"elementor-widget-wrap elementor-element-populated\">\n\t\t\t\t\t<div class=\"elementor-background-overlay\"><\/div>\n\t\t\t\t\t\t<div class=\"elementor-element elementor-element-c564099 elementor-widget elementor-widget-image\" data-id=\"c564099\" data-element_type=\"widget\" data-e-type=\"widget\" data-widget_type=\"image.default\">\n\t\t\t\t<div class=\"elementor-widget-container\">\n\t\t\t\t\t\t\t\t\t\t\t\t\t\t\t<img fetchpriority=\"high\" decoding=\"async\" width=\"1600\" height=\"1200\" src=\"https:\/\/crematoridemascotes.com\/wp-content\/uploads\/2023\/03\/WhatsApp-Image-2022-03-26-at-12.06.32.webp\" class=\"attachment-full size-full wp-image-1482\" alt=\"Tanatorio de mascotas Su Amor Deja Huella\" srcset=\"https:\/\/crematoridemascotes.com\/wp-content\/uploads\/2023\/03\/WhatsApp-Image-2022-03-26-at-12.06.32.webp 1600w, https:\/\/crematoridemascotes.com\/wp-content\/uploads\/2023\/03\/WhatsApp-Image-2022-03-26-at-12.06.32-300x225.webp 300w, https:\/\/crematoridemascotes.com\/wp-content\/uploads\/2023\/03\/WhatsApp-Image-2022-03-26-at-12.06.32-1024x768.webp 1024w, https:\/\/crematoridemascotes.com\/wp-content\/uploads\/2023\/03\/WhatsApp-Image-2022-03-26-at-12.06.32-768x576.webp 768w, https:\/\/crematoridemascotes.com\/wp-content\/uploads\/2023\/03\/WhatsApp-Image-2022-03-26-at-12.06.32-1536x1152.webp 1536w\" sizes=\"(max-width: 1600px) 100vw, 1600px\" \/>\t\t\t\t\t\t\t\t\t\t\t\t\t\t\t<\/div>\n\t\t\t\t<\/div>\n\t\t\t\t\t<\/div>\n\t\t<\/div>\n\t\t\t\t\t<\/div>\n\t\t<\/section>\n\t\t\t\t<section class=\"elementor-section elementor-top-section elementor-element elementor-element-5267ef9 elementor-section-full_width elementor-section-height-default elementor-section-height-default\" data-id=\"5267ef9\" data-element_type=\"section\" data-e-type=\"section\" data-settings=\"{&quot;background_background&quot;:&quot;classic&quot;}\">\n\t\t\t\t\t\t\t<div class=\"elementor-background-overlay\"><\/div>\n\t\t\t\t\t\t\t<div class=\"elementor-container elementor-column-gap-no\">\n\t\t\t\t\t<div class=\"elementor-column elementor-col-50 elementor-top-column elementor-element elementor-element-8aceb05\" data-id=\"8aceb05\" data-element_type=\"column\" data-e-type=\"column\">\n\t\t\t<div class=\"elementor-widget-wrap elementor-element-populated\">\n\t\t\t\t\t\t<div class=\"elementor-element elementor-element-cfade83 elementor-widget elementor-widget-text-editor\" data-id=\"cfade83\" data-element_type=\"widget\" data-e-type=\"widget\" data-widget_type=\"text-editor.default\">\n\t\t\t\t<div class=\"elementor-widget-container\">\n\t\t\t\t\t\t\t\t\t<div class=\"wpb_text_column wpb_content_element post-formatting \"><div class=\"wpb_wrapper\"><p>En una vetlla per a mascotes, els propietaris de la mascota poden visitar-la i acomiadar-se&#8217;n en un ambient tranquil i privat. Algunes vetlles per a mascotes ofereixen serveis addicionals, com la possibilitat de realitzar una cerim\u00f2nia religiosa o de brindar suport emocional als amos de la mascota.<\/p><p>Les vetlles per a mascotes s\u00f3n una opci\u00f3 cada vegada m\u00e9s triada pels propietaris que busquen acomiadar-se dels seus estimats amics de manera respectuosa i digna. Ofereixen un espai tranquil i privat per acomiadar-se d&#8217;una mascota i ofereixen suport i consol en un moment dif\u00edcil.<\/p><p>Arribat el moment, al Tanatori de Mascotes \u201cSu Amor Deja Huella\u201d, estarem a la vostra disposici\u00f3 per assistir-los i acompanyar-los en aquests moments tan delicats i que han de ser tractats amb la major empatia possible.<\/p><p>Per a qualsevol dubte o consulta, podeu escriure&#8217;ns o trucar-nos al <a href=\"https:\/\/wa.me\/34613151558?text=Hola,%20quiero%20recibir%20m%C3%A1s%20informaci%C3%B3n\" rel=\"nofollow noopener\" target=\"_blank\">613151558<\/a> o enviar-nos un correu electr\u00f2nic a info@crematoridemascotes.com<\/p><\/div><\/div>\t\t\t\t\t\t\t\t<\/div>\n\t\t\t\t<\/div>\n\t\t\t\t\t<\/div>\n\t\t<\/div>\n\t\t\t\t<div class=\"elementor-column elementor-col-50 elementor-top-column elementor-element elementor-element-efad0b7\" data-id=\"efad0b7\" data-element_type=\"column\" data-e-type=\"column\" data-settings=\"{&quot;background_background&quot;:&quot;classic&quot;}\">\n\t\t\t<div class=\"elementor-widget-wrap elementor-element-populated\">\n\t\t\t\t\t<div class=\"elementor-background-overlay\"><\/div>\n\t\t\t\t\t\t<div class=\"elementor-element elementor-element-04a566e elementor-widget elementor-widget-image\" data-id=\"04a566e\" data-element_type=\"widget\" data-e-type=\"widget\" data-widget_type=\"image.default\">\n\t\t\t\t<div class=\"elementor-widget-container\">\n\t\t\t\t\t\t\t\t\t\t\t\t\t\t\t<img decoding=\"async\" width=\"1024\" height=\"768\" src=\"https:\/\/crematoridemascotes.com\/wp-content\/uploads\/2023\/03\/sala-velatori-1024x768-1.webp\" class=\"attachment-full size-full wp-image-1483\" alt=\"Sala de velatorio de mascotas\" srcset=\"https:\/\/crematoridemascotes.com\/wp-content\/uploads\/2023\/03\/sala-velatori-1024x768-1.webp 1024w, https:\/\/crematoridemascotes.com\/wp-content\/uploads\/2023\/03\/sala-velatori-1024x768-1-300x225.webp 300w, https:\/\/crematoridemascotes.com\/wp-content\/uploads\/2023\/03\/sala-velatori-1024x768-1-768x576.webp 768w\" sizes=\"(max-width: 1024px) 100vw, 1024px\" \/>\t\t\t\t\t\t\t\t\t\t\t\t\t\t\t<\/div>\n\t\t\t\t<\/div>\n\t\t\t\t\t<\/div>\n\t\t<\/div>\n\t\t\t\t\t<\/div>\n\t\t<\/section>\n\t\t\t\t<section class=\"elementor-section elementor-top-section elementor-element elementor-element-696b2fc elementor-section-full_width elementor-section-height-default elementor-section-height-default\" data-id=\"696b2fc\" data-element_type=\"section\" data-e-type=\"section\" data-settings=\"{&quot;background_background&quot;:&quot;classic&quot;}\">\n\t\t\t\t\t\t\t<div class=\"elementor-background-overlay\"><\/div>\n\t\t\t\t\t\t\t<div class=\"elementor-container elementor-column-gap-no\">\n\t\t\t\t\t<div class=\"elementor-column elementor-col-100 elementor-top-column elementor-element elementor-element-7e50273\" data-id=\"7e50273\" data-element_type=\"column\" data-e-type=\"column\">\n\t\t\t<div class=\"elementor-widget-wrap elementor-element-populated\">\n\t\t\t\t\t\t<div class=\"elementor-element elementor-element-a1732d6 elementor-widget elementor-widget-heading\" data-id=\"a1732d6\" data-element_type=\"widget\" data-e-type=\"widget\" data-widget_type=\"heading.default\">\n\t\t\t\t<div class=\"elementor-widget-container\">\n\t\t\t\t\t<h2 class=\"elementor-heading-title elementor-size-default\">Preus Incineraci\u00f3 Individual vs Incineraci\u00f3 Col\u00b7lectiva\n\n\n\n\n<\/h2>\t\t\t\t<\/div>\n\t\t\t\t<\/div>\n\t\t\t\t<div class=\"elementor-element elementor-element-deccc20 elementor-widget elementor-widget-text-editor\" data-id=\"deccc20\" data-element_type=\"widget\" data-e-type=\"widget\" data-widget_type=\"text-editor.default\">\n\t\t\t\t<div class=\"elementor-widget-container\">\n\t\t\t\t\t\t\t\t\t<p>Els <strong>preus de la incineraci\u00f3 individual i col\u00b7lectiva<\/strong> de mascotes poden variar depenent de diversos factors, com ara la mida de l&#8217;animal, la dist\u00e0ncia de recollida i els serveis addicionals que es contractin. En general, la incineraci\u00f3 individual sol ser m\u00e9s costosa que la incineraci\u00f3 col\u00b7lectiva.<\/p><p>El preu de la incineraci\u00f3 individual varia entre els <strong>230\u20ac i els 330\u20ac<\/strong> . <em>*possibilitat de fraccionar el pagament*<\/em><\/p><p>El preu de la incineraci\u00f3 col\u00b7lectiva varia entre els <strong>50\u20ac i els 130\u20ac<\/strong> .<\/p><p>Arribat el moment, al <strong>Tanatori de Mascotes \u201cSu Amor Deja Huella\u201d<\/strong> , estarem a la vostra disposici\u00f3 per assistir-los i acompanyar-los en aquests moments tan delicats i que han de ser tractats amb la major empatia possible.<\/p><p>Per a qualsevol dubte o consulta, podeu escriure&#8217;ns o trucar-nos al <a class=\"\" href=\"https:\/\/wa.me\/34613151558?text=Hola,%20quiero%20recibir%20m%C3%A1s%20informaci%C3%B3n\" rel=\"nofollow noopener\" target=\"_blank\">613151558<\/a> o enviar-nos un correu electr\u00f2nic a info@crematoridemascotes.com<\/p>\t\t\t\t\t\t\t\t<\/div>\n\t\t\t\t<\/div>\n\t\t\t\t<section class=\"elementor-section elementor-inner-section elementor-element elementor-element-46de9d8 elementor-section-boxed elementor-section-height-default elementor-section-height-default\" data-id=\"46de9d8\" data-element_type=\"section\" data-e-type=\"section\">\n\t\t\t\t\t\t<div class=\"elementor-container elementor-column-gap-default\">\n\t\t\t\t\t<div class=\"elementor-column elementor-col-100 elementor-inner-column elementor-element elementor-element-96f4609\" data-id=\"96f4609\" data-element_type=\"column\" data-e-type=\"column\">\n\t\t\t<div class=\"elementor-widget-wrap elementor-element-populated\">\n\t\t\t\t\t\t<div class=\"woocommerce elementor-element elementor-element-7d48288 elementor-grid-2 elementor-grid-tablet-2 elementor-grid-mobile-1 elementor-widget elementor-widget-loop-grid\" data-id=\"7d48288\" data-element_type=\"widget\" data-e-type=\"widget\" data-settings=\"{&quot;_skin&quot;:&quot;product&quot;,&quot;template_id&quot;:1769,&quot;columns&quot;:&quot;2&quot;,&quot;columns_tablet&quot;:&quot;2&quot;,&quot;columns_mobile&quot;:&quot;1&quot;,&quot;edit_handle_selector&quot;:&quot;[data-elementor-type=\\&quot;loop-item\\&quot;]&quot;,&quot;row_gap&quot;:{&quot;unit&quot;:&quot;px&quot;,&quot;size&quot;:&quot;&quot;,&quot;sizes&quot;:[]},&quot;row_gap_tablet&quot;:{&quot;unit&quot;:&quot;px&quot;,&quot;size&quot;:&quot;&quot;,&quot;sizes&quot;:[]},&quot;row_gap_mobile&quot;:{&quot;unit&quot;:&quot;px&quot;,&quot;size&quot;:&quot;&quot;,&quot;sizes&quot;:[]}}\" data-widget_type=\"loop-grid.product\">\n\t\t\t\t<div class=\"elementor-widget-container\">\n\t\t\t\t\t\t\t<div class=\"e-loop-nothing-found-message\">\n\t\t<\/div>\n\t\t\t\t\t\t<\/div>\n\t\t\t\t<\/div>\n\t\t\t\t\t<\/div>\n\t\t<\/div>\n\t\t\t\t\t<\/div>\n\t\t<\/section>\n\t\t\t\t\t<\/div>\n\t\t<\/div>\n\t\t\t\t\t<\/div>\n\t\t<\/section>\n\t\t\t\t<\/div>\n\t\t","protected":false},"excerpt":{"rendered":"<p>Vetlla per a Mascotes El comiat duna mascota \u00e9s un moment dif\u00edcil i emocional per als amos de lanimal. \u00c9s normal sentir tristesa i dolor en perdre un \u00e9sser estimat, i la mort d&#8217;una mascota pot causar una profunda p\u00e8rdua i afectar tots els membres de la fam\u00edlia. Hi ha diferents maneres d&#8217;acomiadar-se d&#8217;una mascota. [&hellip;]<\/p>\n","protected":false},"author":1,"featured_media":0,"parent":1617,"menu_order":0,"comment_status":"closed","ping_status":"closed","template":"","meta":{"site-sidebar-layout":"default","site-content-layout":"","ast-site-content-layout":"default","site-content-style":"default","site-sidebar-style":"default","ast-global-header-display":"","ast-banner-title-visibility":"","ast-main-header-display":"","ast-hfb-above-header-display":"","ast-hfb-below-header-display":"","ast-hfb-mobile-header-display":"","site-post-title":"","ast-breadcrumbs-content":"","ast-featured-img":"","footer-sml-layout":"","ast-disable-related-posts":"","theme-transparent-header-meta":"","adv-header-id-meta":"","stick-header-meta":"","header-above-stick-meta":"","header-main-stick-meta":"","header-below-stick-meta":"","astra-migrate-meta-layouts":"default","ast-page-background-enabled":"default","ast-page-background-meta":{"desktop":{"background-color":"","background-image":"","background-repeat":"repeat","background-position":"center center","background-size":"auto","background-attachment":"scroll","background-type":"","background-media":"","overlay-type":"","overlay-color":"","overlay-opacity":"","overlay-gradient":""},"tablet":{"background-color":"","background-image":"","background-repeat":"repeat","background-position":"center center","background-size":"auto","background-attachment":"scroll","background-type":"","background-media":"","overlay-type":"","overlay-color":"","overlay-opacity":"","overlay-gradient":""},"mobile":{"background-color":"","background-image":"","background-repeat":"repeat","background-position":"center center","background-size":"auto","background-attachment":"scroll","background-type":"","background-media":"","overlay-type":"","overlay-color":"","overlay-opacity":"","overlay-gradient":""}},"ast-content-background-meta":{"desktop":{"background-color":"var(--ast-global-color-5)","background-image":"","background-repeat":"repeat","background-position":"center center","background-size":"auto","background-attachment":"scroll","background-type":"","background-media":"","overlay-type":"","overlay-color":"","overlay-opacity":"","overlay-gradient":""},"tablet":{"background-color":"var(--ast-global-color-5)","background-image":"","background-repeat":"repeat","background-position":"center center","background-size":"auto","background-attachment":"scroll","background-type":"","background-media":"","overlay-type":"","overlay-color":"","overlay-opacity":"","overlay-gradient":""},"mobile":{"background-color":"var(--ast-global-color-5)","background-image":"","background-repeat":"repeat","background-position":"center center","background-size":"auto","background-attachment":"scroll","background-type":"","background-media":"","overlay-type":"","overlay-color":"","overlay-opacity":"","overlay-gradient":""}},"_joinchat":[],"footnotes":""},"class_list":["post-1623","page","type-page","status-publish","hentry"],"_links":{"self":[{"href":"https:\/\/crematoridemascotes.com\/ca\/wp-json\/wp\/v2\/pages\/1623","targetHints":{"allow":["GET"]}}],"collection":[{"href":"https:\/\/crematoridemascotes.com\/ca\/wp-json\/wp\/v2\/pages"}],"about":[{"href":"https:\/\/crematoridemascotes.com\/ca\/wp-json\/wp\/v2\/types\/page"}],"author":[{"embeddable":true,"href":"https:\/\/crematoridemascotes.com\/ca\/wp-json\/wp\/v2\/users\/1"}],"replies":[{"embeddable":true,"href":"https:\/\/crematoridemascotes.com\/ca\/wp-json\/wp\/v2\/comments?post=1623"}],"version-history":[{"count":5,"href":"https:\/\/crematoridemascotes.com\/ca\/wp-json\/wp\/v2\/pages\/1623\/revisions"}],"predecessor-version":[{"id":5987,"href":"https:\/\/crematoridemascotes.com\/ca\/wp-json\/wp\/v2\/pages\/1623\/revisions\/5987"}],"up":[{"embeddable":true,"href":"https:\/\/crematoridemascotes.com\/ca\/wp-json\/wp\/v2\/pages\/1617"}],"wp:attachment":[{"href":"https:\/\/crematoridemascotes.com\/ca\/wp-json\/wp\/v2\/media?parent=1623"}],"curies":[{"name":"wp","href":"https:\/\/api.w.org\/{rel}","templated":true}]}}