{"id":2566,"date":"2023-08-03T16:58:01","date_gmt":"2023-08-03T16:58:01","guid":{"rendered":"https:\/\/crematoridemascotes.com\/?page_id=2566"},"modified":"2024-07-22T06:07:24","modified_gmt":"2024-07-22T06:07:24","slug":"avis-legal","status":"publish","type":"page","link":"https:\/\/crematoridemascotes.com\/ca\/avis-legal\/","title":{"rendered":"AV\u00cdS LEGAL"},"content":{"rendered":"\t\t<div data-elementor-type=\"wp-page\" data-elementor-id=\"2566\" class=\"elementor elementor-2566 elementor-2565\" data-elementor-post-type=\"page\">\n\t\t\t\t\t\t<section class=\"elementor-section elementor-top-section elementor-element elementor-element-2e5e17fa elementor-section-boxed elementor-section-height-default elementor-section-height-default\" data-id=\"2e5e17fa\" data-element_type=\"section\" data-e-type=\"section\">\n\t\t\t\t\t\t<div class=\"elementor-container elementor-column-gap-default\">\n\t\t\t\t\t<div class=\"elementor-column elementor-col-100 elementor-top-column elementor-element elementor-element-3f19e4ed\" data-id=\"3f19e4ed\" data-element_type=\"column\" data-e-type=\"column\">\n\t\t\t<div class=\"elementor-widget-wrap elementor-element-populated\">\n\t\t\t\t\t\t<div class=\"elementor-element elementor-element-550b33f4 elementor-widget elementor-widget-text-editor\" data-id=\"550b33f4\" data-element_type=\"widget\" data-e-type=\"widget\" data-widget_type=\"text-editor.default\">\n\t\t\t\t<div class=\"elementor-widget-container\">\n\t\t\t\t\t\t\t\t\t<h2>Av\u00eds Legal<\/h2>\n<p>En compliment amb el deure d&#8217;informaci\u00f3 estipulat en la Llei 34\/2002, de Serveis de la Societat de la Informaci\u00f3 i del Comer\u00e7 Electr\u00f2nic, s&#8217;informa als usuaris que accedeixen al lloc web crematoridemascotes.com (en endavant, &#8220;la web&#8221;) de les dades fiscals de l&#8217;empresa responsable:<\/p>\n<ul>\n<li>NOM SOCIAL: CREMATORI DE MASCOTES SL<\/li>\n<li>CIF: B06831242<\/li>\n<li>DOMICILI SOCIAL: C\/ del Fornal 54, Nau 11, 08292, Esparreguera<\/li>\n<\/ul>\n<p>\u00das del lloc web: L&#8217;acc\u00e9s i \u00fas de la web crematoridemascotes.com atribueix la condici\u00f3 d&#8217;usuari i suposa l&#8217;acceptaci\u00f3 plena i sense reserves de totes i cadascuna de les disposicions incloses en aquest Av\u00eds Legal, aix\u00ed com de la nostra Pol\u00edtica de Privacitat i Pol\u00edtica de Cookies. Per tant, es recomana llegir detingudament aquests documents abans d&#8217;utilitzar la web.<\/p>\n<p>Propietat intel\u00b7lectual i industrial: Els continguts del web, incloent, entre d&#8217;altres, textos, imatges, logotips, dissenys, programari, estructura, selecci\u00f3, ordenaci\u00f3 i presentaci\u00f3 dels seus continguts, estan protegits per drets de propietat intel\u00b7lectual i industrial, titularitat de CREMATORI DE MASCOTES SL o de tercers autoritzats. Queda expressament prohibida la reproducci\u00f3, distribuci\u00f3 o modificaci\u00f3, total o parcial, dels continguts del web sense l&#8217; autoritzaci\u00f3 expressa i per escrit de CREMATORI DE MASCOTES SL.<\/p>\n<p>Responsabilitat de l&#8217;usuari: L&#8217;usuari es compromet a utilitzar la web de forma diligent, correcta i l\u00edcita, i s&#8217;obliga a abstenir-se d&#8217;utilitzar-la amb finalitats o efectes il\u00b7l\u00edcits, lesius dels drets i interessos de tercers, o que de qualsevol forma puguin danyar, inutilitzar, sobrecarregar o deteriorar la web o impedir la seva normal utilitzaci\u00f3.<\/p>\n<p>Enlla\u00e7os a tercers: El web pot contenir enlla\u00e7os a llocs web de tercers. CREMATORI DE MASCOTES SL no es fa responsable dels continguts, serveis o productes oferts en aquests llocs enlla\u00e7ats, ni de l&#8217; \u00fas o tractament de dades que puguin dur a terme. La inclusi\u00f3 d&#8217; enlla\u00e7os a tercers no implica una aprovaci\u00f3, garantia o recomanaci\u00f3 per part de CREMATORI DE MASCOTES SL.<\/p>\n<p>Protecci\u00f3 de dades personals: El tractament de les dades personals dels usuaris es realitza d&#8217;acord amb la nostra Pol\u00edtica de Privacitat, que es troba disponible al web i que cal llegir abans de proporcionar qualsevol informaci\u00f3 personal.<\/p>\n<p>Legislaci\u00f3 i jurisdicci\u00f3 aplicable: Aquest Av\u00eds Legal es regeix per la legislaci\u00f3 espanyola vigent. Per a la resoluci\u00f3 de qualsevol controv\u00e8rsia que pogu\u00e9s sorgir en relaci\u00f3 amb la interpretaci\u00f3 i aplicaci\u00f3 del present av\u00eds, l&#8217; usuari se sotmet als Jutjats i Tribunals competents d&#8217; Esparreguera, renunciant expressament a qualsevol altre fur que pogu\u00e9s correspondre-li.<\/p>\n<p>Modificacions de l&#8217; av\u00eds legal: CREMATORI DE MASCOTES SL es reserva el dret de modificar, en qualsevol moment i sense previ av\u00eds, el contingut d&#8217; aquest Av\u00eds Legal. Per tant, es recomana revisar peri\u00f2dicament aquesta p\u00e0gina per estar informat de possibles canvis.<\/p>\n\t\t\t\t\t\t\t\t<\/div>\n\t\t\t\t<\/div>\n\t\t\t\t\t<\/div>\n\t\t<\/div>\n\t\t\t\t\t<\/div>\n\t\t<\/section>\n\t\t\t\t<\/div>\n\t\t","protected":false},"excerpt":{"rendered":"<p>Av\u00eds Legal En compliment amb el deure d&#8217;informaci\u00f3 estipulat en la Llei 34\/2002, de Serveis de la Societat de la Informaci\u00f3 i del Comer\u00e7 Electr\u00f2nic, s&#8217;informa als usuaris que accedeixen al lloc web crematoridemascotes.com (en endavant, &#8220;la web&#8221;) de les dades fiscals de l&#8217;empresa responsable: NOM SOCIAL: CREMATORI DE MASCOTES SL CIF: B06831242 DOMICILI SOCIAL: [&hellip;]<\/p>\n","protected":false},"author":2,"featured_media":0,"parent":0,"menu_order":0,"comment_status":"closed","ping_status":"closed","template":"","meta":{"site-sidebar-layout":"default","site-content-layout":"","ast-site-content-layout":"default","site-content-style":"default","site-sidebar-style":"default","ast-global-header-display":"","ast-banner-title-visibility":"","ast-main-header-display":"","ast-hfb-above-header-display":"","ast-hfb-below-header-display":"","ast-hfb-mobile-header-display":"","site-post-title":"","ast-breadcrumbs-content":"","ast-featured-img":"","footer-sml-layout":"","ast-disable-related-posts":"","theme-transparent-header-meta":"","adv-header-id-meta":"","stick-header-meta":"","header-above-stick-meta":"","header-main-stick-meta":"","header-below-stick-meta":"","astra-migrate-meta-layouts":"default","ast-page-background-enabled":"default","ast-page-background-meta":{"desktop":{"background-color":"","background-image":"","background-repeat":"repeat","background-position":"center center","background-size":"auto","background-attachment":"scroll","background-type":"","background-media":"","overlay-type":"","overlay-color":"","overlay-opacity":"","overlay-gradient":""},"tablet":{"background-color":"","background-image":"","background-repeat":"repeat","background-position":"center center","background-size":"auto","background-attachment":"scroll","background-type":"","background-media":"","overlay-type":"","overlay-color":"","overlay-opacity":"","overlay-gradient":""},"mobile":{"background-color":"","background-image":"","background-repeat":"repeat","background-position":"center center","background-size":"auto","background-attachment":"scroll","background-type":"","background-media":"","overlay-type":"","overlay-color":"","overlay-opacity":"","overlay-gradient":""}},"ast-content-background-meta":{"desktop":{"background-color":"var(--ast-global-color-5)","background-image":"","background-repeat":"repeat","background-position":"center center","background-size":"auto","background-attachment":"scroll","background-type":"","background-media":"","overlay-type":"","overlay-color":"","overlay-opacity":"","overlay-gradient":""},"tablet":{"background-color":"var(--ast-global-color-5)","background-image":"","background-repeat":"repeat","background-position":"center center","background-size":"auto","background-attachment":"scroll","background-type":"","background-media":"","overlay-type":"","overlay-color":"","overlay-opacity":"","overlay-gradient":""},"mobile":{"background-color":"var(--ast-global-color-5)","background-image":"","background-repeat":"repeat","background-position":"center center","background-size":"auto","background-attachment":"scroll","background-type":"","background-media":"","overlay-type":"","overlay-color":"","overlay-opacity":"","overlay-gradient":""}},"_joinchat":[],"footnotes":""},"class_list":["post-2566","page","type-page","status-publish","hentry"],"_links":{"self":[{"href":"https:\/\/crematoridemascotes.com\/ca\/wp-json\/wp\/v2\/pages\/2566","targetHints":{"allow":["GET"]}}],"collection":[{"href":"https:\/\/crematoridemascotes.com\/ca\/wp-json\/wp\/v2\/pages"}],"about":[{"href":"https:\/\/crematoridemascotes.com\/ca\/wp-json\/wp\/v2\/types\/page"}],"author":[{"embeddable":true,"href":"https:\/\/crematoridemascotes.com\/ca\/wp-json\/wp\/v2\/users\/2"}],"replies":[{"embeddable":true,"href":"https:\/\/crematoridemascotes.com\/ca\/wp-json\/wp\/v2\/comments?post=2566"}],"version-history":[{"count":5,"href":"https:\/\/crematoridemascotes.com\/ca\/wp-json\/wp\/v2\/pages\/2566\/revisions"}],"predecessor-version":[{"id":2896,"href":"https:\/\/crematoridemascotes.com\/ca\/wp-json\/wp\/v2\/pages\/2566\/revisions\/2896"}],"wp:attachment":[{"href":"https:\/\/crematoridemascotes.com\/ca\/wp-json\/wp\/v2\/media?parent=2566"}],"curies":[{"name":"wp","href":"https:\/\/api.w.org\/{rel}","templated":true}]}}