{"id":6182,"date":"2025-10-26T20:51:32","date_gmt":"2025-10-26T20:51:32","guid":{"rendered":"https:\/\/crematoridemascotes.com\/pagina-dautor-oriol-valero\/"},"modified":"2025-10-26T20:57:26","modified_gmt":"2025-10-26T20:57:26","slug":"pagina-dautor-oriol-valero","status":"publish","type":"page","link":"https:\/\/crematoridemascotes.com\/ca\/pagina-dautor-oriol-valero\/","title":{"rendered":"P\u00e0gina d&#8217;Autor &#8211; Oriol Valero"},"content":{"rendered":"\t\t<div data-elementor-type=\"wp-page\" data-elementor-id=\"6182\" class=\"elementor elementor-6182 elementor-6174\" data-elementor-post-type=\"page\">\n\t\t\t\t<div class=\"elementor-element elementor-element-87e33de e-flex e-con-boxed e-con e-parent\" data-id=\"87e33de\" data-element_type=\"container\" data-e-type=\"container\">\n\t\t\t\t\t<div class=\"e-con-inner\">\n\t\t<div class=\"elementor-element elementor-element-5844e43 e-con-full e-flex e-con e-child\" data-id=\"5844e43\" data-element_type=\"container\" data-e-type=\"container\">\n\t\t\t\t<div class=\"elementor-element elementor-element-df6eda0 elementor-widget elementor-widget-image\" data-id=\"df6eda0\" data-element_type=\"widget\" data-e-type=\"widget\" data-widget_type=\"image.default\">\n\t\t\t\t<div class=\"elementor-widget-container\">\n\t\t\t\t\t\t\t\t\t\t\t\t\t\t\t<img fetchpriority=\"high\" decoding=\"async\" width=\"768\" height=\"1024\" src=\"https:\/\/crematoridemascotes.com\/wp-content\/uploads\/2023\/06\/oriol-fundador.png\" class=\"attachment-large size-large wp-image-1822\" alt=\"Foto de perfil de Oriol Valero Alonso\" srcset=\"https:\/\/crematoridemascotes.com\/wp-content\/uploads\/2023\/06\/oriol-fundador.png 768w, https:\/\/crematoridemascotes.com\/wp-content\/uploads\/2023\/06\/oriol-fundador-225x300.png 225w, https:\/\/crematoridemascotes.com\/wp-content\/uploads\/2023\/06\/oriol-fundador-600x800.png 600w\" sizes=\"(max-width: 768px) 100vw, 768px\" \/>\t\t\t\t\t\t\t\t\t\t\t\t\t\t\t<\/div>\n\t\t\t\t<\/div>\n\t\t\t\t<div class=\"elementor-element elementor-element-91a5762 elementor-widget elementor-widget-heading\" data-id=\"91a5762\" data-element_type=\"widget\" data-e-type=\"widget\" data-widget_type=\"heading.default\">\n\t\t\t\t<div class=\"elementor-widget-container\">\n\t\t\t\t\t<h1 class=\"elementor-heading-title elementor-size-default\">Oriol Valero Alonso<\/h1>\t\t\t\t<\/div>\n\t\t\t\t<\/div>\n\t\t\t\t<div class=\"elementor-element elementor-element-ed27d94 elementor-widget elementor-widget-text-editor\" data-id=\"ed27d94\" data-element_type=\"widget\" data-e-type=\"widget\" data-widget_type=\"text-editor.default\">\n\t\t\t\t<div class=\"elementor-widget-container\">\n\t\t\t\t\t\t\t\t\t<p>Fundador i CEO de Crematori de Mascotes SL i Su Amor deja Huella.<\/p>\t\t\t\t\t\t\t\t<\/div>\n\t\t\t\t<\/div>\n\t\t\t\t<div class=\"elementor-element elementor-element-b5aa779 e-grid-align-left elementor-shape-rounded elementor-grid-0 elementor-widget elementor-widget-social-icons\" data-id=\"b5aa779\" data-element_type=\"widget\" data-e-type=\"widget\" data-widget_type=\"social-icons.default\">\n\t\t\t\t<div class=\"elementor-widget-container\">\n\t\t\t\t\t\t\t<div class=\"elementor-social-icons-wrapper elementor-grid\">\n\t\t\t\t\t\t\t<span class=\"elementor-grid-item\">\n\t\t\t\t\t<a class=\"elementor-icon elementor-social-icon elementor-social-icon-linkedin elementor-repeater-item-9f8297f\" href=\"https:\/\/www.linkedin.com\/in\/oriolvalero\/\" target=\"_blank\" rel=\"noopener\">\n\t\t\t\t\t\t<span class=\"elementor-screen-only\">Linkedin<\/span>\n\t\t\t\t\t\t<i aria-hidden=\"true\" class=\"fab fa-linkedin\"><\/i>\t\t\t\t\t<\/a>\n\t\t\t\t<\/span>\n\t\t\t\t\t<\/div>\n\t\t\t\t\t\t<\/div>\n\t\t\t\t<\/div>\n\t\t\t\t<\/div>\n\t\t<div class=\"elementor-element elementor-element-eedbd76 e-con-full e-flex e-con e-child\" data-id=\"eedbd76\" data-element_type=\"container\" data-e-type=\"container\">\n\t\t\t\t<div class=\"elementor-element elementor-element-8ad45ba elementor-widget elementor-widget-heading\" data-id=\"8ad45ba\" data-element_type=\"widget\" data-e-type=\"widget\" data-widget_type=\"heading.default\">\n\t\t\t\t<div class=\"elementor-widget-container\">\n\t\t\t\t\t<h2 class=\"elementor-heading-title elementor-size-default\">P\u00e0gina d'autor<\/h2>\t\t\t\t<\/div>\n\t\t\t\t<\/div>\n\t\t\t\t<div class=\"elementor-element elementor-element-7cf54c3 elementor-widget elementor-widget-text-editor\" data-id=\"7cf54c3\" data-element_type=\"widget\" data-e-type=\"widget\" data-widget_type=\"text-editor.default\">\n\t\t\t\t<div class=\"elementor-widget-container\">\n\t\t\t\t\t\t\t\t\t<p>Oriol Valero \u00e9s un referent en el sector dels serveis funeraris per a mascotes, destacant-se pel seu lideratge i comprom\u00eds amb el benestar animal. Amb m\u00e9s d&#8217;una d\u00e8cada d&#8217;experi\u00e8ncia empresarial, ha constru\u00eft una s\u00f2lida traject\u00f2ria com a emprenedor visionari, sempre enfocat a oferir solucions innovadores i humanitzades. <\/p><p>Actualment, Oriol dirigeix dues companyies l\u00edders en l&#8217;\u00e0mbit dels serveis funeraris per a mascotes: <span style=\"text-align: var(--text-align); color: var(--ast-global-color-3); font-weight: bold;\">Crematori de Mascotes<\/span><span style=\"text-align: var(--text-align); color: var(--ast-global-color-3);\"> i <\/span><strong style=\"font-style: inherit; text-align: var(--text-align); color: var(--ast-global-color-3);\">Su Amor de Huella<\/strong><span style=\"font-style: inherit; font-weight: inherit; text-align: var(--text-align); color: var(--ast-global-color-3);\">. Ambdues empreses estan dedicades a oferir serveis com cremaci\u00f3, enterrament i acompanyament emocional per a les fam\u00edlies, ajudant-les a honorar i acomiadar els seus companys animals amb el respecte i la cura que mereixen \ud83d\udc3e\u2764\ufe0f.<\/span><\/p><h3>Traject\u00f2ria Professional<\/h3><p>Abans de fundar aquestes companyies, Oriol va adquirir una valuosa experi\u00e8ncia en la gesti\u00f3 empresarial i el desenvolupament de projectes. Al llarg de la seva carrera, ha demostrat la seva capacitat per liderar equips, optimitzar processos i fomentar el creixement sostenible en diverses ind\u00fastries. <\/p><p>A <strong>Su Amor de Huella<\/strong>, ha implementat estrat\u00e8gies centrades en la satisfacci\u00f3 del client i en pr\u00e0ctiques sostenibles, posicionant l&#8217;empresa com un model en el sector funerari per a mascotes a Espanya i Am\u00e8rica Llatina. D&#8217;altra banda, <strong>Crematori de Mascotes<\/strong>, el seu primer projecte, s&#8217;ha consolidat com un servei pioner a Espanya, reconegut per la seva atenci\u00f3 personalitzada i el seu enfocament \u00e8tic cap a les fam\u00edlies i els seus animals. <\/p><h3>Formaci\u00f3 Acad\u00e8mica<\/h3><p>Oriol compta amb una formaci\u00f3 s\u00f2lida en administraci\u00f3 d&#8217;empreses i gesti\u00f3 de projectes. El seu inter\u00e8s per mantenir-se al dia l&#8217;ha portat a participar en programes especialitzats i cursos que l&#8217;han ajudat a incorporar les millors pr\u00e0ctiques i tend\u00e8ncies del sector en els seus negocis. <\/p><p>Oriol Valera \u00e9s un exemple de com combinar passi\u00f3 i professionalitat per transformar un sector, creant un impacte positiu tant en els clients com en la societat.<\/p>\t\t\t\t\t\t\t\t<\/div>\n\t\t\t\t<\/div>\n\t\t\t\t<\/div>\n\t\t\t\t\t<\/div>\n\t\t\t\t<\/div>\n\t\t\t\t<\/div>\n\t\t","protected":false},"excerpt":{"rendered":"<p>Oriol Valero Alonso Fundador i CEO de Crematori de Mascotes SL i Su Amor deja Huella. Linkedin P\u00e0gina d&#8217;autor Oriol Valero \u00e9s un referent en el sector dels serveis funeraris per a mascotes, destacant-se pel seu lideratge i comprom\u00eds amb el benestar animal. Amb m\u00e9s d&#8217;una d\u00e8cada d&#8217;experi\u00e8ncia empresarial, ha constru\u00eft una s\u00f2lida traject\u00f2ria com [&hellip;]<\/p>\n","protected":false},"author":4,"featured_media":0,"parent":0,"menu_order":0,"comment_status":"closed","ping_status":"closed","template":"","meta":{"site-sidebar-layout":"no-sidebar","site-content-layout":"page-builder","ast-site-content-layout":"full-width-container","site-content-style":"default","site-sidebar-style":"default","ast-global-header-display":"","ast-banner-title-visibility":"","ast-main-header-display":"","ast-hfb-above-header-display":"","ast-hfb-below-header-display":"","ast-hfb-mobile-header-display":"","site-post-title":"","ast-breadcrumbs-content":"","ast-featured-img":"disabled","footer-sml-layout":"","ast-disable-related-posts":"","theme-transparent-header-meta":"","adv-header-id-meta":"","stick-header-meta":"","header-above-stick-meta":"","header-main-stick-meta":"","header-below-stick-meta":"","astra-migrate-meta-layouts":"default","ast-page-background-enabled":"default","ast-page-background-meta":{"desktop":{"background-color":"","background-image":"","background-repeat":"repeat","background-position":"center center","background-size":"auto","background-attachment":"scroll","background-type":"","background-media":"","overlay-type":"","overlay-color":"","overlay-opacity":"","overlay-gradient":""},"tablet":{"background-color":"","background-image":"","background-repeat":"repeat","background-position":"center center","background-size":"auto","background-attachment":"scroll","background-type":"","background-media":"","overlay-type":"","overlay-color":"","overlay-opacity":"","overlay-gradient":""},"mobile":{"background-color":"","background-image":"","background-repeat":"repeat","background-position":"center center","background-size":"auto","background-attachment":"scroll","background-type":"","background-media":"","overlay-type":"","overlay-color":"","overlay-opacity":"","overlay-gradient":""}},"ast-content-background-meta":{"desktop":{"background-color":"var(--ast-global-color-5)","background-image":"","background-repeat":"repeat","background-position":"center center","background-size":"auto","background-attachment":"scroll","background-type":"","background-media":"","overlay-type":"","overlay-color":"","overlay-opacity":"","overlay-gradient":""},"tablet":{"background-color":"var(--ast-global-color-5)","background-image":"","background-repeat":"repeat","background-position":"center center","background-size":"auto","background-attachment":"scroll","background-type":"","background-media":"","overlay-type":"","overlay-color":"","overlay-opacity":"","overlay-gradient":""},"mobile":{"background-color":"var(--ast-global-color-5)","background-image":"","background-repeat":"repeat","background-position":"center center","background-size":"auto","background-attachment":"scroll","background-type":"","background-media":"","overlay-type":"","overlay-color":"","overlay-opacity":"","overlay-gradient":""}},"_joinchat":[],"footnotes":""},"class_list":["post-6182","page","type-page","status-publish","hentry"],"_links":{"self":[{"href":"https:\/\/crematoridemascotes.com\/ca\/wp-json\/wp\/v2\/pages\/6182","targetHints":{"allow":["GET"]}}],"collection":[{"href":"https:\/\/crematoridemascotes.com\/ca\/wp-json\/wp\/v2\/pages"}],"about":[{"href":"https:\/\/crematoridemascotes.com\/ca\/wp-json\/wp\/v2\/types\/page"}],"author":[{"embeddable":true,"href":"https:\/\/crematoridemascotes.com\/ca\/wp-json\/wp\/v2\/users\/4"}],"replies":[{"embeddable":true,"href":"https:\/\/crematoridemascotes.com\/ca\/wp-json\/wp\/v2\/comments?post=6182"}],"version-history":[{"count":1,"href":"https:\/\/crematoridemascotes.com\/ca\/wp-json\/wp\/v2\/pages\/6182\/revisions"}],"predecessor-version":[{"id":6183,"href":"https:\/\/crematoridemascotes.com\/ca\/wp-json\/wp\/v2\/pages\/6182\/revisions\/6183"}],"wp:attachment":[{"href":"https:\/\/crematoridemascotes.com\/ca\/wp-json\/wp\/v2\/media?parent=6182"}],"curies":[{"name":"wp","href":"https:\/\/api.w.org\/{rel}","templated":true}]}}