{"id":1698,"date":"2023-05-01T09:21:14","date_gmt":"2023-05-01T09:21:14","guid":{"rendered":"https:\/\/crematoridemascotes.com\/product\/urna-aqua-nogal\/"},"modified":"2025-10-26T19:02:14","modified_gmt":"2025-10-26T19:02:14","slug":"urna-aqua-noguer","status":"publish","type":"product","link":"https:\/\/crematoridemascotes.com\/ca\/producte\/urna-aqua-noguer\/","title":{"rendered":"Urna Aqua Nogal"},"content":{"rendered":"<h3>Urna Aqua Nogal Biodegradable per a Cerim\u00f2nies a l&#8217;Aigua<\/h3>\n<p>La <strong>urna Aqua Nogal biodegradable<\/strong> \u00e9s l&#8217;elecci\u00f3 perfecta per a aquells que desitgen retre homenatge a un \u00e9sser estimat de manera respectuosa amb el medi ambient. Dissenyada espec\u00edficament per a cerim\u00f2nies de dispersi\u00f3 de cendres en entorns aqu\u00e0tics com el mar, rius o llacs, aquesta urna ofereix un comiat ser\u00e8 i en harmonia amb la natura. <\/p>\n<p>Fabricada amb materials 100% naturals, com argila org\u00e0nica, sorra i sals minerals, aquesta urna es descompon de manera r\u00e0pida i segura a l&#8217;aigua, sense generar cap impacte negatiu en l&#8217;ecosistema. El seu disseny elegant i senzill reflecteix el respecte i la connexi\u00f3 amb l&#8217;entorn natural, convertint-la en una opci\u00f3 \u00fanica per a un ad\u00e9u significatiu. <\/p>\n<h4>Caracter\u00edstiques principals:<\/h4>\n<ul>\n<li><strong>Material ecol\u00f2gic:<\/strong> Argila org\u00e0nica d&#8217;alta qualitat.<\/li>\n<li><strong>Dimensions compactes:<\/strong> 11 cm x 13,5 cm, ideal per a cerim\u00f2nies a l&#8217;aigua.<\/li>\n<li><strong>Totalment biodegradable:<\/strong> Garanteix una descomposici\u00f3 neta i sense residus perjudicials.<\/li>\n<\/ul>\n<p><strong>Urna Aqua Nogal<\/strong>, una alternativa sostenible per honorar la mem\u00f2ria del vostre \u00e9sser estimat, retornant les seves cendres al cicle natural de la vida d&#8217;una manera emotiva i respectuosa.<\/p>\n","protected":false},"excerpt":{"rendered":"<p><span style=\"font-weight: 400;\">L&#8217;urna Aqua Nogal que es descompon al mar \u00e9s una opci\u00f3 respectuosa amb el medi ambient per honorar la mem\u00f2ria d&#8217;un \u00e9sser estimat que ha mort. Aquesta urna est\u00e0 dissenyada per ser utilitzada en cerim\u00f2nies de dispersi\u00f3 de cendres a l&#8217;aigua, ja sigui al mar, un riu o un llac.<\/span><\/p>\n","protected":false},"featured_media":2481,"comment_status":"open","ping_status":"closed","template":"","meta":{"site-sidebar-layout":"default","site-content-layout":"default","ast-site-content-layout":"default","site-content-style":"default","site-sidebar-style":"default","ast-global-header-display":"","ast-banner-title-visibility":"","ast-main-header-display":"","ast-hfb-above-header-display":"","ast-hfb-below-header-display":"","ast-hfb-mobile-header-display":"","site-post-title":"","ast-breadcrumbs-content":"","ast-featured-img":"","footer-sml-layout":"","ast-disable-related-posts":"","theme-transparent-header-meta":"default","adv-header-id-meta":"","stick-header-meta":"","header-above-stick-meta":"","header-main-stick-meta":"","header-below-stick-meta":"","astra-migrate-meta-layouts":"default","ast-page-background-enabled":"default","ast-page-background-meta":{"desktop":{"background-color":"","background-image":"","background-repeat":"repeat","background-position":"center center","background-size":"auto","background-attachment":"scroll","background-type":"","background-media":"","overlay-type":"","overlay-color":"","overlay-opacity":"","overlay-gradient":""},"tablet":{"background-color":"","background-image":"","background-repeat":"repeat","background-position":"center center","background-size":"auto","background-attachment":"scroll","background-type":"","background-media":"","overlay-type":"","overlay-color":"","overlay-opacity":"","overlay-gradient":""},"mobile":{"background-color":"","background-image":"","background-repeat":"repeat","background-position":"center center","background-size":"auto","background-attachment":"scroll","background-type":"","background-media":"","overlay-type":"","overlay-color":"","overlay-opacity":"","overlay-gradient":""}},"ast-content-background-meta":{"desktop":{"background-color":"var(--ast-global-color-5)","background-image":"","background-repeat":"repeat","background-position":"center center","background-size":"auto","background-attachment":"scroll","background-type":"","background-media":"","overlay-type":"","overlay-color":"","overlay-opacity":"","overlay-gradient":""},"tablet":{"background-color":"var(--ast-global-color-5)","background-image":"","background-repeat":"repeat","background-position":"center center","background-size":"auto","background-attachment":"scroll","background-type":"","background-media":"","overlay-type":"","overlay-color":"","overlay-opacity":"","overlay-gradient":""},"mobile":{"background-color":"var(--ast-global-color-5)","background-image":"","background-repeat":"repeat","background-position":"center center","background-size":"auto","background-attachment":"scroll","background-type":"","background-media":"","overlay-type":"","overlay-color":"","overlay-opacity":"","overlay-gradient":""}},"_joinchat":[]},"product_brand":[],"product_cat":[91,159],"product_tag":[],"class_list":{"0":"post-1698","1":"product","2":"type-product","3":"status-publish","4":"has-post-thumbnail","6":"product_cat-urnes","7":"product_cat-urnes-biodegradables","8":"desktop-align-left","9":"tablet-align-left","10":"mobile-align-left","12":"first","13":"instock","14":"taxable","15":"shipping-taxable","16":"purchasable","17":"product-type-simple"},"_links":{"self":[{"href":"https:\/\/crematoridemascotes.com\/ca\/wp-json\/wp\/v2\/product\/1698","targetHints":{"allow":["GET"]}}],"collection":[{"href":"https:\/\/crematoridemascotes.com\/ca\/wp-json\/wp\/v2\/product"}],"about":[{"href":"https:\/\/crematoridemascotes.com\/ca\/wp-json\/wp\/v2\/types\/product"}],"replies":[{"embeddable":true,"href":"https:\/\/crematoridemascotes.com\/ca\/wp-json\/wp\/v2\/comments?post=1698"}],"wp:featuredmedia":[{"embeddable":true,"href":"https:\/\/crematoridemascotes.com\/ca\/wp-json\/wp\/v2\/media\/2481"}],"wp:attachment":[{"href":"https:\/\/crematoridemascotes.com\/ca\/wp-json\/wp\/v2\/media?parent=1698"}],"wp:term":[{"taxonomy":"product_brand","embeddable":true,"href":"https:\/\/crematoridemascotes.com\/ca\/wp-json\/wp\/v2\/product_brand?post=1698"},{"taxonomy":"product_cat","embeddable":true,"href":"https:\/\/crematoridemascotes.com\/ca\/wp-json\/wp\/v2\/product_cat?post=1698"},{"taxonomy":"product_tag","embeddable":true,"href":"https:\/\/crematoridemascotes.com\/ca\/wp-json\/wp\/v2\/product_tag?post=1698"}],"curies":[{"name":"wp","href":"https:\/\/api.w.org\/{rel}","templated":true}]}}