{"id":1701,"date":"2023-04-30T08:07:32","date_gmt":"2023-04-30T08:07:32","guid":{"rendered":"https:\/\/crematoridemascotes.com\/product\/penjoll-arbre-de-la-vida\/"},"modified":"2025-10-26T19:00:34","modified_gmt":"2025-10-26T19:00:34","slug":"penjant-per-cendres-arbre-de-la-vida","status":"publish","type":"product","link":"https:\/\/crematoridemascotes.com\/ca\/producte\/penjant-per-cendres-arbre-de-la-vida\/","title":{"rendered":"Penjant per a cendres Arbre de la Vida"},"content":{"rendered":"<p><b>Penjoll per a Cendres Arbre de la Vida: Un S\u00edmbol de Connexi\u00f3 Eterna<\/b><\/p>\n<p><b>El penjoll per a cendres Arbre de la Vida<\/b><span style=\"font-weight: 400;\"> \u00e9s molt m\u00e9s que una joia; \u00e9s un poder\u00f3s s\u00edmbol de la connexi\u00f3 eterna que compartim amb aquells que han partit. Aquest exquisit penjoll permet portar les restes cremat\u00f2ries d&#8217;un \u00e9sser estimat de manera discreta i bonica.  <\/span><span style=\"font-weight: 400;\">Aquest penjoll, dissenyat amb mestria, incorpora la imatge de l&#8217;Arbre de la Vida, que simbolitza el cicle de la vida, el creixement i la connexi\u00f3 amb totes les coses. A m\u00e9s de la seva bellesa est\u00e8tica, \u00e9s una representaci\u00f3 visual de la relaci\u00f3 inquebrantable que vau compartir amb el vostre \u00e9sser estimat. <\/span><\/p>\n<p><b>El penjoll per a cendres Arbre de la Vida<\/b><span style=\"font-weight: 400;\"> us ofereix l&#8217;oportunitat de mantenir els vostres \u00e9ssers estimats a prop del vostre cor en tot moment. El podeu portar penjat del vostre coll, recordant la seva pres\u00e8ncia i honrant la seva mem\u00f2ria en cada pas que feu.  <\/span><span style=\"font-weight: 400;\">Cada vegada que toqueu aquest penjoll, sentireu la for\u00e7a dels lla\u00e7os inquebrantables que vau compartir amb el vostre \u00e9sser estimat. \u00c9s una manera significativa de mantenir viva la seva mem\u00f2ria i celebrar la vida que vau compartir junts. <\/span><\/p>\n<p><span style=\"font-weight: 400;\">El<\/span><a href=\"https:\/\/crematoridemascotes.com\/ca\/categoria-producte\/joies\/penjolls-ca\/\"><span style=\"font-weight: 400;\"> penjoll<\/span><\/a><span style=\"font-weight: 400;\"> per a cendres Arbre de la Vida \u00e9s una joia que captura l&#8217;ess\u00e8ncia de la vida i la connexi\u00f3 duradora amb aquells que estimem. \u00c9s una bonica manera de portar el seu record i amor amb dignitat i gr\u00e0cia. I  <\/span><span style=\"font-weight: 400;\">nclou cadena i embut per poder introduir les cendres dins del penjoll.<\/span><\/p>\n<p><strong>Material:<\/strong><\/p>\n<ul>\n<li style=\"font-weight: 400;\"><span style=\"font-weight: 400;\">Acer Inoxidable<\/span><\/li>\n<\/ul>\n","protected":false},"excerpt":{"rendered":"<p><span style=\"font-weight: 400;\">El penjoll Arbre de la Vida \u00e9s una pe\u00e7a amb un significat profund i simb\u00f2lic. Aquest bell penjoll est\u00e0 dissenyat per contenir una petita quantitat de cendres d&#8217;un \u00e9sser estimat o una mascota, permetent portar amb tu un recordatori f\u00edsic i proper.<\/span><\/p>\n<p><em>Tramesa 24-48h<\/em><\/p>\n","protected":false},"featured_media":2370,"comment_status":"open","ping_status":"closed","template":"","meta":{"site-sidebar-layout":"default","site-content-layout":"default","ast-site-content-layout":"default","site-content-style":"default","site-sidebar-style":"default","ast-global-header-display":"","ast-banner-title-visibility":"","ast-main-header-display":"","ast-hfb-above-header-display":"","ast-hfb-below-header-display":"","ast-hfb-mobile-header-display":"","site-post-title":"","ast-breadcrumbs-content":"","ast-featured-img":"","footer-sml-layout":"","ast-disable-related-posts":"","theme-transparent-header-meta":"default","adv-header-id-meta":"","stick-header-meta":"","header-above-stick-meta":"","header-main-stick-meta":"","header-below-stick-meta":"","astra-migrate-meta-layouts":"default","ast-page-background-enabled":"default","ast-page-background-meta":{"desktop":{"background-color":"","background-image":"","background-repeat":"repeat","background-position":"center center","background-size":"auto","background-attachment":"scroll","background-type":"","background-media":"","overlay-type":"","overlay-color":"","overlay-opacity":"","overlay-gradient":""},"tablet":{"background-color":"","background-image":"","background-repeat":"repeat","background-position":"center center","background-size":"auto","background-attachment":"scroll","background-type":"","background-media":"","overlay-type":"","overlay-color":"","overlay-opacity":"","overlay-gradient":""},"mobile":{"background-color":"","background-image":"","background-repeat":"repeat","background-position":"center center","background-size":"auto","background-attachment":"scroll","background-type":"","background-media":"","overlay-type":"","overlay-color":"","overlay-opacity":"","overlay-gradient":""}},"ast-content-background-meta":{"desktop":{"background-color":"var(--ast-global-color-5)","background-image":"","background-repeat":"repeat","background-position":"center center","background-size":"auto","background-attachment":"scroll","background-type":"","background-media":"","overlay-type":"","overlay-color":"","overlay-opacity":"","overlay-gradient":""},"tablet":{"background-color":"var(--ast-global-color-5)","background-image":"","background-repeat":"repeat","background-position":"center center","background-size":"auto","background-attachment":"scroll","background-type":"","background-media":"","overlay-type":"","overlay-color":"","overlay-opacity":"","overlay-gradient":""},"mobile":{"background-color":"var(--ast-global-color-5)","background-image":"","background-repeat":"repeat","background-position":"center center","background-size":"auto","background-attachment":"scroll","background-type":"","background-media":"","overlay-type":"","overlay-color":"","overlay-opacity":"","overlay-gradient":""}},"_joinchat":[]},"product_brand":[],"product_cat":[85,126],"product_tag":[],"class_list":{"0":"post-1701","1":"product","2":"type-product","3":"status-publish","4":"has-post-thumbnail","6":"product_cat-joies","7":"product_cat-penjolls-ca","8":"desktop-align-left","9":"tablet-align-left","10":"mobile-align-left","12":"first","13":"instock","14":"taxable","15":"shipping-taxable","16":"purchasable","17":"product-type-simple"},"_links":{"self":[{"href":"https:\/\/crematoridemascotes.com\/ca\/wp-json\/wp\/v2\/product\/1701","targetHints":{"allow":["GET"]}}],"collection":[{"href":"https:\/\/crematoridemascotes.com\/ca\/wp-json\/wp\/v2\/product"}],"about":[{"href":"https:\/\/crematoridemascotes.com\/ca\/wp-json\/wp\/v2\/types\/product"}],"replies":[{"embeddable":true,"href":"https:\/\/crematoridemascotes.com\/ca\/wp-json\/wp\/v2\/comments?post=1701"}],"wp:featuredmedia":[{"embeddable":true,"href":"https:\/\/crematoridemascotes.com\/ca\/wp-json\/wp\/v2\/media\/2370"}],"wp:attachment":[{"href":"https:\/\/crematoridemascotes.com\/ca\/wp-json\/wp\/v2\/media?parent=1701"}],"wp:term":[{"taxonomy":"product_brand","embeddable":true,"href":"https:\/\/crematoridemascotes.com\/ca\/wp-json\/wp\/v2\/product_brand?post=1701"},{"taxonomy":"product_cat","embeddable":true,"href":"https:\/\/crematoridemascotes.com\/ca\/wp-json\/wp\/v2\/product_cat?post=1701"},{"taxonomy":"product_tag","embeddable":true,"href":"https:\/\/crematoridemascotes.com\/ca\/wp-json\/wp\/v2\/product_tag?post=1701"}],"curies":[{"name":"wp","href":"https:\/\/api.w.org\/{rel}","templated":true}]}}