{"id":1702,"date":"2023-05-01T08:51:22","date_gmt":"2023-05-01T08:51:22","guid":{"rendered":"https:\/\/crematoridemascotes.com\/product\/urna-bio-esfera-nil\/"},"modified":"2025-10-26T19:02:31","modified_gmt":"2025-10-26T19:02:31","slug":"urna-bio-esfera-nil","status":"publish","type":"product","link":"https:\/\/crematoridemascotes.com\/ca\/producte\/urna-bio-esfera-nil\/","title":{"rendered":"Urna Bio Esfera Nilo"},"content":{"rendered":"<h3>Urna Bio Esfera Nil Biodegradable: Un Tribut a la Natura<\/h3>\n<p>L&#8217;<strong>urna Bio Esfera Nil biodegradable<\/strong> \u00e9s una opci\u00f3 \u00fanica per honorar la mem\u00f2ria dels teus \u00e9ssers estimats de manera sostenible, contribuint a la cura del medi ambient. El seu disseny vers\u00e0til permet tant l&#8217;enterrament a la terra com el seu \u00fas en cerim\u00f2nies aqu\u00e0tiques, on es descompon de forma natural i respectuosa amb l&#8217;ecosistema. <\/p>\n<p>Fabricada amb materials 100% biodegradables i ecol\u00f2gics, aquesta urna est\u00e0 dissenyada per integrar-se completament amb l&#8217;entorn. A terra, la seva estructura facilita la penetraci\u00f3 d&#8217;arrels, convertint-se en un medi nutritiu per a plantes o arbres que hi creixin, creant un llegat viu en honor a la persona que s&#8217;acomiada. <\/p>\n<h4>Caracter\u00edstiques principals:<\/h4>\n<ul>\n<li><strong>Material biodegradable:<\/strong> Elaborada amb argila org\u00e0nica que es descompon de manera natural.<\/li>\n<li><strong>Dimensions funcionals:<\/strong> 11 cm x 13,5 cm, perfecta per a enterraments a terra o cerim\u00f2nies aqu\u00e0tiques.<\/li>\n<li><strong>Ecol\u00f2gica i simb\u00f2lica:<\/strong> Promou la vida vegetal en integrar-se al s\u00f2l, aportant nutrients.<\/li>\n<li><strong>Versatilitat d&#8217;\u00fas:<\/strong> Apta per al mar, rius, llacs o enterrament terrestre.<\/li>\n<\/ul>\n<p>Amb l&#8217;<strong>urna Bio Esfera Nil<\/strong>, transformes un acte de comiat en un gest d&#8217;amor cap a la natura, creant un record etern en harmonia amb el medi ambient.<\/p>\n","protected":false},"excerpt":{"rendered":"<p><span style=\"font-weight: 400;\">L&#8217;urna per a mascotes Bio Esfera Nil \u00e9s una forma \u00fanica i respectuosa d&#8217;honorar els teus \u00e9ssers estimats i, al mateix temps, contribuir al medi ambient. Aquesta urna \u00e9s biodegradable i ecol\u00f2gica. Est\u00e0 dissenyada per enterrar-se a la terra o per realitzar cerim\u00f2nies a l&#8217;aigua, ajudant a honorar els teus animals de companyia de forma respectuosa i sostenible.  <\/span><\/p>\n","protected":false},"featured_media":1545,"comment_status":"open","ping_status":"closed","template":"","meta":{"site-sidebar-layout":"default","site-content-layout":"default","ast-site-content-layout":"default","site-content-style":"default","site-sidebar-style":"default","ast-global-header-display":"","ast-banner-title-visibility":"","ast-main-header-display":"","ast-hfb-above-header-display":"","ast-hfb-below-header-display":"","ast-hfb-mobile-header-display":"","site-post-title":"","ast-breadcrumbs-content":"","ast-featured-img":"","footer-sml-layout":"","ast-disable-related-posts":"","theme-transparent-header-meta":"default","adv-header-id-meta":"","stick-header-meta":"","header-above-stick-meta":"","header-main-stick-meta":"","header-below-stick-meta":"","astra-migrate-meta-layouts":"default","ast-page-background-enabled":"default","ast-page-background-meta":{"desktop":{"background-color":"","background-image":"","background-repeat":"repeat","background-position":"center center","background-size":"auto","background-attachment":"scroll","background-type":"","background-media":"","overlay-type":"","overlay-color":"","overlay-opacity":"","overlay-gradient":""},"tablet":{"background-color":"","background-image":"","background-repeat":"repeat","background-position":"center center","background-size":"auto","background-attachment":"scroll","background-type":"","background-media":"","overlay-type":"","overlay-color":"","overlay-opacity":"","overlay-gradient":""},"mobile":{"background-color":"","background-image":"","background-repeat":"repeat","background-position":"center center","background-size":"auto","background-attachment":"scroll","background-type":"","background-media":"","overlay-type":"","overlay-color":"","overlay-opacity":"","overlay-gradient":""}},"ast-content-background-meta":{"desktop":{"background-color":"var(--ast-global-color-5)","background-image":"","background-repeat":"repeat","background-position":"center center","background-size":"auto","background-attachment":"scroll","background-type":"","background-media":"","overlay-type":"","overlay-color":"","overlay-opacity":"","overlay-gradient":""},"tablet":{"background-color":"var(--ast-global-color-5)","background-image":"","background-repeat":"repeat","background-position":"center center","background-size":"auto","background-attachment":"scroll","background-type":"","background-media":"","overlay-type":"","overlay-color":"","overlay-opacity":"","overlay-gradient":""},"mobile":{"background-color":"var(--ast-global-color-5)","background-image":"","background-repeat":"repeat","background-position":"center center","background-size":"auto","background-attachment":"scroll","background-type":"","background-media":"","overlay-type":"","overlay-color":"","overlay-opacity":"","overlay-gradient":""}},"_joinchat":[]},"product_brand":[],"product_cat":[91,159],"product_tag":[],"class_list":{"0":"post-1702","1":"product","2":"type-product","3":"status-publish","4":"has-post-thumbnail","6":"product_cat-urnes","7":"product_cat-urnes-biodegradables","8":"desktop-align-left","9":"tablet-align-left","10":"mobile-align-left","12":"first","13":"instock","14":"taxable","15":"shipping-taxable","16":"purchasable","17":"product-type-simple"},"_links":{"self":[{"href":"https:\/\/crematoridemascotes.com\/ca\/wp-json\/wp\/v2\/product\/1702","targetHints":{"allow":["GET"]}}],"collection":[{"href":"https:\/\/crematoridemascotes.com\/ca\/wp-json\/wp\/v2\/product"}],"about":[{"href":"https:\/\/crematoridemascotes.com\/ca\/wp-json\/wp\/v2\/types\/product"}],"replies":[{"embeddable":true,"href":"https:\/\/crematoridemascotes.com\/ca\/wp-json\/wp\/v2\/comments?post=1702"}],"wp:featuredmedia":[{"embeddable":true,"href":"https:\/\/crematoridemascotes.com\/ca\/wp-json\/wp\/v2\/media\/1545"}],"wp:attachment":[{"href":"https:\/\/crematoridemascotes.com\/ca\/wp-json\/wp\/v2\/media?parent=1702"}],"wp:term":[{"taxonomy":"product_brand","embeddable":true,"href":"https:\/\/crematoridemascotes.com\/ca\/wp-json\/wp\/v2\/product_brand?post=1702"},{"taxonomy":"product_cat","embeddable":true,"href":"https:\/\/crematoridemascotes.com\/ca\/wp-json\/wp\/v2\/product_cat?post=1702"},{"taxonomy":"product_tag","embeddable":true,"href":"https:\/\/crematoridemascotes.com\/ca\/wp-json\/wp\/v2\/product_tag?post=1702"}],"curies":[{"name":"wp","href":"https:\/\/api.w.org\/{rel}","templated":true}]}}