{"id":1706,"date":"2023-05-01T08:30:39","date_gmt":"2023-05-01T08:30:39","guid":{"rendered":"https:\/\/crematoridemascotes.com\/product\/urna-bio-zoon-15l\/"},"modified":"2025-10-26T19:02:27","modified_gmt":"2025-10-26T19:02:27","slug":"urna-bio-zoon-15l","status":"publish","type":"product","link":"https:\/\/crematoridemascotes.com\/ca\/producte\/urna-bio-zoon-15l\/","title":{"rendered":"Urna Bio Zoon 1,5L"},"content":{"rendered":"<h3>Urna Biodegradable Zoon: Un Homenatge Viu a la Mem\u00f2ria dels Teus \u00c9ssers Estimats<\/h3>\n<p>L&#8217;<strong>urna biodegradable Zoon<\/strong> \u00e9s una opci\u00f3 especial i ecol\u00f2gica per acomiadar els teus \u00e9ssers estimats mentre contribueixes a la cura del medi ambient. Dissenyada per ser enterrada a la terra, aquesta urna es descompon de forma natural amb el temps, convertint-se en un medi nutritiu que permet el creixement d&#8217;una planta o arbre al seu lloc. <\/p>\n<p>Fabricada amb materials 100% biodegradables, com fibra de cartr\u00f3 i cel\u00b7lulosa, l&#8217;urna \u00e9s completament segura per al medi ambient i no genera cap tipus de residu contaminant. El seu disseny innovador permet que les arrels penetrin en la seva estructura, afavorint el desenvolupament de la vegetaci\u00f3 i creant un homenatge viu en honor a la mem\u00f2ria dels teus \u00e9ssers estimats. <\/p>\n<h4>Caracter\u00edstiques principals:<\/h4>\n<ul>\n<li><strong>Material ecol\u00f2gic:<\/strong> Feta de fibra de cartr\u00f3 i cel\u00b7lulosa biodegradable.<\/li>\n<li><strong>Dimensions generoses:<\/strong> 17 cm x 12.5 cm x 25.5 cm, ideal per a cerim\u00f2nies d&#8217;enterrament a terra.<\/li>\n<li><strong>Promou la vida vegetal:<\/strong> S&#8217;integra amb la terra per nodrir plantes o arbres.<\/li>\n<li><strong>Sostenible i simb\u00f2lica:<\/strong> Un ad\u00e9u significatiu que ajuda a preservar el medi ambient.<\/li>\n<\/ul>\n<p>L&#8217;<strong>urna Zoon biodegradable<\/strong> converteix un acte de comiat en un llegat de vida, connectant el record dels teus \u00e9ssers estimats amb la natura d&#8217;una manera bonica i sostenible.<\/p>\n","protected":false},"excerpt":{"rendered":"<p><span style=\"font-weight: 400;\">L&#8217;urna biodegradable Zoon \u00e9s una forma \u00fanica i respectuosa d&#8217;honrar els teus \u00e9ssers estimats i alhora contribuir al medi ambient. Aquesta urna est\u00e0 dissenyada per ser enterrada a la terra i despr\u00e9s dun temps, es converteix en un mitj\u00e0 per cr\u00e9ixer una planta o arbre.<\/span><\/p>\n","protected":false},"featured_media":1543,"comment_status":"open","ping_status":"closed","template":"","meta":{"site-sidebar-layout":"default","site-content-layout":"default","ast-site-content-layout":"default","site-content-style":"default","site-sidebar-style":"default","ast-global-header-display":"","ast-banner-title-visibility":"","ast-main-header-display":"","ast-hfb-above-header-display":"","ast-hfb-below-header-display":"","ast-hfb-mobile-header-display":"","site-post-title":"","ast-breadcrumbs-content":"","ast-featured-img":"","footer-sml-layout":"","ast-disable-related-posts":"","theme-transparent-header-meta":"default","adv-header-id-meta":"","stick-header-meta":"","header-above-stick-meta":"","header-main-stick-meta":"","header-below-stick-meta":"","astra-migrate-meta-layouts":"default","ast-page-background-enabled":"default","ast-page-background-meta":{"desktop":{"background-color":"","background-image":"","background-repeat":"repeat","background-position":"center center","background-size":"auto","background-attachment":"scroll","background-type":"","background-media":"","overlay-type":"","overlay-color":"","overlay-opacity":"","overlay-gradient":""},"tablet":{"background-color":"","background-image":"","background-repeat":"repeat","background-position":"center center","background-size":"auto","background-attachment":"scroll","background-type":"","background-media":"","overlay-type":"","overlay-color":"","overlay-opacity":"","overlay-gradient":""},"mobile":{"background-color":"","background-image":"","background-repeat":"repeat","background-position":"center center","background-size":"auto","background-attachment":"scroll","background-type":"","background-media":"","overlay-type":"","overlay-color":"","overlay-opacity":"","overlay-gradient":""}},"ast-content-background-meta":{"desktop":{"background-color":"var(--ast-global-color-5)","background-image":"","background-repeat":"repeat","background-position":"center center","background-size":"auto","background-attachment":"scroll","background-type":"","background-media":"","overlay-type":"","overlay-color":"","overlay-opacity":"","overlay-gradient":""},"tablet":{"background-color":"var(--ast-global-color-5)","background-image":"","background-repeat":"repeat","background-position":"center center","background-size":"auto","background-attachment":"scroll","background-type":"","background-media":"","overlay-type":"","overlay-color":"","overlay-opacity":"","overlay-gradient":""},"mobile":{"background-color":"var(--ast-global-color-5)","background-image":"","background-repeat":"repeat","background-position":"center center","background-size":"auto","background-attachment":"scroll","background-type":"","background-media":"","overlay-type":"","overlay-color":"","overlay-opacity":"","overlay-gradient":""}},"_joinchat":[]},"product_brand":[],"product_cat":[91,159],"product_tag":[],"class_list":{"0":"post-1706","1":"product","2":"type-product","3":"status-publish","4":"has-post-thumbnail","6":"product_cat-urnes","7":"product_cat-urnes-biodegradables","8":"desktop-align-left","9":"tablet-align-left","10":"mobile-align-left","12":"first","13":"instock","14":"taxable","15":"shipping-taxable","16":"purchasable","17":"product-type-simple"},"_links":{"self":[{"href":"https:\/\/crematoridemascotes.com\/ca\/wp-json\/wp\/v2\/product\/1706","targetHints":{"allow":["GET"]}}],"collection":[{"href":"https:\/\/crematoridemascotes.com\/ca\/wp-json\/wp\/v2\/product"}],"about":[{"href":"https:\/\/crematoridemascotes.com\/ca\/wp-json\/wp\/v2\/types\/product"}],"replies":[{"embeddable":true,"href":"https:\/\/crematoridemascotes.com\/ca\/wp-json\/wp\/v2\/comments?post=1706"}],"wp:featuredmedia":[{"embeddable":true,"href":"https:\/\/crematoridemascotes.com\/ca\/wp-json\/wp\/v2\/media\/1543"}],"wp:attachment":[{"href":"https:\/\/crematoridemascotes.com\/ca\/wp-json\/wp\/v2\/media?parent=1706"}],"wp:term":[{"taxonomy":"product_brand","embeddable":true,"href":"https:\/\/crematoridemascotes.com\/ca\/wp-json\/wp\/v2\/product_brand?post=1706"},{"taxonomy":"product_cat","embeddable":true,"href":"https:\/\/crematoridemascotes.com\/ca\/wp-json\/wp\/v2\/product_cat?post=1706"},{"taxonomy":"product_tag","embeddable":true,"href":"https:\/\/crematoridemascotes.com\/ca\/wp-json\/wp\/v2\/product_tag?post=1706"}],"curies":[{"name":"wp","href":"https:\/\/api.w.org\/{rel}","templated":true}]}}