{"id":1751,"date":"2023-05-01T08:38:28","date_gmt":"2023-05-01T08:38:28","guid":{"rendered":"https:\/\/crematoridemascotes.com\/product\/urna-bio-esfera-tibet\/"},"modified":"2025-10-26T19:02:21","modified_gmt":"2025-10-26T19:02:21","slug":"urna-bio-esfera-tibet","status":"publish","type":"product","link":"https:\/\/crematoridemascotes.com\/ca\/producte\/urna-bio-esfera-tibet\/","title":{"rendered":"Urna Bio Esfera Tibet"},"content":{"rendered":"<h3>Urna Bio Esfera Tibet Biodegradable: Un Tribut en Harmonia amb la Natura<\/h3>\n<p>La <strong>urna Bio Esfera Tibet biodegradable<\/strong> \u00e9s una elecci\u00f3 especial per acomiadar els vostres \u00e9ssers estimats de manera sostenible, transformant un moment de record en un gest de cura pel medi ambient. El seu disseny vers\u00e0til permet tant l&#8217;enterrament a la terra com el seu \u00fas en cerim\u00f2nies aqu\u00e0tiques, on es descompon naturalment sense causar cap impacte negatiu en l&#8217;ecosistema. <\/p>\n<p>Elaborada amb materials 100% biodegradables, com argila org\u00e0nica, aquesta urna no nom\u00e9s respecta la natura, sin\u00f3 que tamb\u00e9 promou la vida vegetal. Quan \u00e9s enterrada, permet que les arrels penetrin en la seva estructura i la utilitzin com un mitj\u00e0 nutritiu per a plantes o arbres, creant un llegat viu que simbolitza la connexi\u00f3 entre el record i la natura. <\/p>\n<h4>Caracter\u00edstiques principals:<\/h4>\n<ul>\n<li><strong>Material ecol\u00f2gic:<\/strong> Fabricada amb argila org\u00e0nica biodegradable.<\/li>\n<li><strong>Dimensions pr\u00e0ctiques:<\/strong> 11 cm x 13.5 cm, ideal per a enterraments en terra o cerim\u00f2nies a l&#8217;aigua.<\/li>\n<li><strong>Promou la vida vegetal:<\/strong> Es converteix en un suport nutritiu per a plantes o arbres.<\/li>\n<li><strong>Simb\u00f2lica i sostenible:<\/strong> Un homenatge que preserva el medi ambient i crea un record etern.<\/li>\n<\/ul>\n<p>Amb la <strong>urna Bio Esfera Tibet<\/strong>, transformeu un comiat en una celebraci\u00f3 de la vida i la natura, honorant els vostres \u00e9ssers estimats amb un acte significatiu i respectu\u00f3s.<\/p>\n","protected":false},"excerpt":{"rendered":"<p><span style=\"font-weight: 400;\">L&#8217;urna Bio Esfera Tibet \u00e9s una forma \u00fanica i respectuosa d&#8217;honrar els teus \u00e9ssers estimats i alhora contribuir al medi ambient. Aquesta urna est\u00e0 dissenyada per ser enterrada a la terra o portar-la al mar perqu\u00e8 es descomposi.<\/span><\/p>\n","protected":false},"featured_media":1544,"comment_status":"open","ping_status":"closed","template":"","meta":{"site-sidebar-layout":"default","site-content-layout":"default","ast-site-content-layout":"default","site-content-style":"default","site-sidebar-style":"default","ast-global-header-display":"","ast-banner-title-visibility":"","ast-main-header-display":"","ast-hfb-above-header-display":"","ast-hfb-below-header-display":"","ast-hfb-mobile-header-display":"","site-post-title":"","ast-breadcrumbs-content":"","ast-featured-img":"","footer-sml-layout":"","ast-disable-related-posts":"","theme-transparent-header-meta":"default","adv-header-id-meta":"","stick-header-meta":"","header-above-stick-meta":"","header-main-stick-meta":"","header-below-stick-meta":"","astra-migrate-meta-layouts":"default","ast-page-background-enabled":"default","ast-page-background-meta":{"desktop":{"background-color":"","background-image":"","background-repeat":"repeat","background-position":"center center","background-size":"auto","background-attachment":"scroll","background-type":"","background-media":"","overlay-type":"","overlay-color":"","overlay-opacity":"","overlay-gradient":""},"tablet":{"background-color":"","background-image":"","background-repeat":"repeat","background-position":"center center","background-size":"auto","background-attachment":"scroll","background-type":"","background-media":"","overlay-type":"","overlay-color":"","overlay-opacity":"","overlay-gradient":""},"mobile":{"background-color":"","background-image":"","background-repeat":"repeat","background-position":"center center","background-size":"auto","background-attachment":"scroll","background-type":"","background-media":"","overlay-type":"","overlay-color":"","overlay-opacity":"","overlay-gradient":""}},"ast-content-background-meta":{"desktop":{"background-color":"var(--ast-global-color-5)","background-image":"","background-repeat":"repeat","background-position":"center center","background-size":"auto","background-attachment":"scroll","background-type":"","background-media":"","overlay-type":"","overlay-color":"","overlay-opacity":"","overlay-gradient":""},"tablet":{"background-color":"var(--ast-global-color-5)","background-image":"","background-repeat":"repeat","background-position":"center center","background-size":"auto","background-attachment":"scroll","background-type":"","background-media":"","overlay-type":"","overlay-color":"","overlay-opacity":"","overlay-gradient":""},"mobile":{"background-color":"var(--ast-global-color-5)","background-image":"","background-repeat":"repeat","background-position":"center center","background-size":"auto","background-attachment":"scroll","background-type":"","background-media":"","overlay-type":"","overlay-color":"","overlay-opacity":"","overlay-gradient":""}},"_joinchat":[]},"product_brand":[],"product_cat":[91,159],"product_tag":[],"class_list":{"0":"post-1751","1":"product","2":"type-product","3":"status-publish","4":"has-post-thumbnail","6":"product_cat-urnes","7":"product_cat-urnes-biodegradables","8":"desktop-align-left","9":"tablet-align-left","10":"mobile-align-left","12":"first","13":"instock","14":"taxable","15":"shipping-taxable","16":"purchasable","17":"product-type-simple"},"_links":{"self":[{"href":"https:\/\/crematoridemascotes.com\/ca\/wp-json\/wp\/v2\/product\/1751","targetHints":{"allow":["GET"]}}],"collection":[{"href":"https:\/\/crematoridemascotes.com\/ca\/wp-json\/wp\/v2\/product"}],"about":[{"href":"https:\/\/crematoridemascotes.com\/ca\/wp-json\/wp\/v2\/types\/product"}],"replies":[{"embeddable":true,"href":"https:\/\/crematoridemascotes.com\/ca\/wp-json\/wp\/v2\/comments?post=1751"}],"wp:featuredmedia":[{"embeddable":true,"href":"https:\/\/crematoridemascotes.com\/ca\/wp-json\/wp\/v2\/media\/1544"}],"wp:attachment":[{"href":"https:\/\/crematoridemascotes.com\/ca\/wp-json\/wp\/v2\/media?parent=1751"}],"wp:term":[{"taxonomy":"product_brand","embeddable":true,"href":"https:\/\/crematoridemascotes.com\/ca\/wp-json\/wp\/v2\/product_brand?post=1751"},{"taxonomy":"product_cat","embeddable":true,"href":"https:\/\/crematoridemascotes.com\/ca\/wp-json\/wp\/v2\/product_cat?post=1751"},{"taxonomy":"product_tag","embeddable":true,"href":"https:\/\/crematoridemascotes.com\/ca\/wp-json\/wp\/v2\/product_tag?post=1751"}],"curies":[{"name":"wp","href":"https:\/\/api.w.org\/{rel}","templated":true}]}}